{"id":6711,"date":"2025-07-29T09:09:00","date_gmt":"2025-07-29T07:09:00","guid":{"rendered":"https:\/\/www.coptis.ch\/anmelden\/"},"modified":"2025-11-14T14:30:25","modified_gmt":"2025-11-14T13:30:25","slug":"anmelden","status":"publish","type":"page","link":"https:\/\/www.coptis.ch\/de\/anmelden\/","title":{"rendered":"Anmelden"},"content":{"rendered":"<div class=\"wpb-content-wrapper\"><p>[vc_row wrap_container=&#8221;yes&#8221; conditional_render=&#8221;%5B%7B%22value_role%22%3A%22administrator%22%7D%5D&#8221; css_params=&#8221;&#8221; el_class=&#8221;py-5&#8243;][vc_column][vc_custom_heading text=&#8221;Melden Sie sich in Ihrem COPTIS-Mitgliederbereich an&#8221; font_container=&#8221;tag:h3|text_align:center&#8221; use_theme_fonts=&#8221;yes&#8221; css_params=&#8221;&#8221;][vc_column_text css=&#8221;&#8221; css_params=&#8221;&#8221;]<\/p>\n<p style=\"text-align: center;\">Mit einem Klick haben Sie Zugriff auf alle Ihre COPTIS-Ressourcen: Dokumente und Ver\u00f6ffentlichungen der Arbeitsgruppe. In Ihrem Mitgliederbereich k\u00f6nnen Sie Ihre Dienste ganz einfach verwalten und bleiben \u00fcber die neuesten Entwicklungen auf dem Laufenden. Melden Sie sich jetzt an, um Ihr COPTIS-Erlebnis in vollen Z\u00fcgen zu genie\u00dfen.<\/p>\n<p>[\/vc_column_text][vc_row_inner][vc_column_inner width=&#8221;1\/2&#8243; css=&#8221;.vc_custom_1759225112022{padding-top: 20px !important;padding-right: 20px !important;padding-bottom: 20px !important;padding-left: 20px !important;}&#8221; css_params=&#8221;&#8221;][vc_custom_heading text=&#8221;Mit Benutzername und Passwort anmelden&#8221; font_container=&#8221;tag:h4|text_align:center&#8221; use_theme_fonts=&#8221;yes&#8221; letter_spacing=&#8221;0.25px&#8221; css_params=&#8221;&#8221;][vc_column_text css=&#8221;&#8221; css_params=&#8221;&#8221;]\n<div class=\"um um-login um-7338\">\n\t<div class=\"um-form\">\n\t\t<form method=\"post\" action=\"\" autocomplete=\"off\">\n\t\t\t<div class=\"um-row _um_row_1 \" style=\"margin: 0 0 30px 0;\"><div class=\"um-col-1\"><div  id=\"um_field_7338_username\" class=\"um-field um-field-text  um-field-username um-field-text um-field-type_text\" data-key=\"username\"><div class=\"um-field-label\"><label for=\"username-7338\">Benutzername oder E-Mail-Adresse<span class=\"um-req\" title=\"Erforderlich\">*<\/span><\/label><div class=\"um-clear\"><\/div><\/div><div class=\"um-field-area\"><input  autocomplete=\"off\" class=\"um-form-field valid \" type=\"text\" name=\"username-7338\" id=\"username-7338\" value=\"\" placeholder=\"\" data-validate=\"\" data-key=\"username\"  aria-invalid=\"false\" \/>\n\n\t\t\t\t\t\t<\/div><\/div><div  id=\"um_field_7338_user_password\" class=\"um-field um-field-password  um-field-user_password um-field-password um-field-type_password\" data-key=\"user_password\"><div class=\"um-field-label\"><label for=\"user_password-7338\">Passwort<span class=\"um-req\" title=\"Erforderlich\">*<\/span><\/label><div class=\"um-clear\"><\/div><\/div><div class=\"um-field-area\"><div class=\"um-field-area-password\">\n\t\t\t\t\t\t\t\t\t<input class=\"um-form-field valid \" type=\"password\" name=\"user_password-7338\" id=\"user_password-7338\" value=\"\" placeholder=\"\" data-validate=\"\" data-key=\"user_password\"  aria-invalid=\"false\" \/>\n\t\t\t\t\t\t\t\t\t<span class=\"um-toggle-password\"><i class=\"um-icon-eye\"><\/i><\/span>\n\t\t\t\t\t\t\t\t<\/div>\n\t\t\t\t\t\t\t<\/div><\/div><\/div><\/div>\t<input type=\"hidden\" name=\"form_id\" id=\"form_id_7338\" value=\"7338\" \/>\n\t\t<p class=\"um_request_name\">\n\t\t<label for=\"um_request_7338\">Only fill in if you are not human<\/label>\n\t\t<input type=\"hidden\" name=\"um_request\" id=\"um_request_7338\" class=\"input\" value=\"\" size=\"25\" autocomplete=\"off\" \/>\n\t<\/p>\n\t<input type=\"hidden\" id=\"_wpnonce\" name=\"_wpnonce\" value=\"51eedfaeb1\" \/><input type=\"hidden\" name=\"_wp_http_referer\" value=\"\/de\/wp-json\/wp\/v2\/pages\/6711\" \/>\n\t<div class=\"um-col-alt\">\n\n\t\t\n\n\t\t\t<div class=\"um-field um-field-c\">\n\t\t\t\t<div class=\"um-field-area\">\n\t\t\t\t\t<label class=\"um-field-checkbox\">\n\t\t\t\t\t\t<input type=\"checkbox\" name=\"rememberme\" value=\"1\"  \/>\n\t\t\t\t\t\t<span class=\"um-field-checkbox-state\"><i class=\"um-icon-android-checkbox-outline-blank\"><\/i><\/span>\n\t\t\t\t\t\t<span class=\"um-field-checkbox-option\"> Angemeldet bleiben<\/span>\n\t\t\t\t\t<\/label>\n\t\t\t\t<\/div>\n\t\t\t<\/div>\n\n\t\t\t\t\t\t<div class=\"um-clear\"><\/div>\n\t\t\n\t\t\t<div class=\"um-left um-half\">\n\t\t\t\t<input type=\"submit\" value=\"Se connecter\" class=\"um-button\" id=\"um-submit-btn\" \/>\n\t\t\t<\/div>\n\t\t\t<div class=\"um-right um-half\">\n\t\t\t\t<a href=\"https:\/\/www.coptis.ch\/de\/anmeldung\/\" class=\"um-button um-alt\">\n\t\t\t\t\tS\u2019inscrire\t\t\t\t<\/a>\n\t\t\t<\/div>\n\n\t\t\n\t\t<div class=\"um-clear\"><\/div>\n\n\t<\/div>\n\n\t\n\t<div class=\"um-col-alt-b\">\n\t\t<a href=\"https:\/\/www.coptis.ch\/de\/passwort-zuruecksetzen\/\" class=\"um-link-alt\">\n\t\t\tPasswort vergessen?\t\t<\/a>\n\t<\/div>\n\n\t\t\t<\/form>\n\t<\/div>\n<\/div>\n<style>\n\t\t\t.um-7338.um {\n\t\t\tmax-width: 450px;\n\t\t}\n\t\t<\/style>\n[\/vc_column_text][\/vc_column_inner][vc_column_inner width=&#8221;1\/2&#8243; css=&#8221;.vc_custom_1759224983615{padding-top: 20px !important;padding-right: 20px !important;padding-bottom: 20px !important;padding-left: 20px !important;background-color: #ebebeb !important;}&#8221; css_params=&#8221;&#8221;][vc_custom_heading text=&#8221;Einfach mit einem Benutzernamen oder einer E-Mail-Adresse anmelden&#8221; font_container=&#8221;tag:h4|text_align:center&#8221; use_theme_fonts=&#8221;yes&#8221; letter_spacing=&#8221;0.25px&#8221; css_params=&#8221;&#8221;][vc_column_text css=&#8221;&#8221; css_params=&#8221;&#8221;]\t\t\t<div id=\"magic-login-shortcode\">\n\t\t\t<div class=\"magic-login-form-header\">\n\t\t\t\t<p class=\"message\">Bitte gib deinen Benutzernamen oder deine Mail-Adresse ein. Du erh\u00e4ltst eine E-Mail, zum einzuloggen.<\/p>\n\t\t\t<\/div>\n\t\t\t\t\t\t\t<form name=\"magicloginform\"\n\t\t\t\t\t  class=\"magic-login-inline-login-form \"\n\t\t\t\t\t  id=\"magicloginform\"\n\t\t\t\t\t  action=\"\"\n\t\t\t\t\t  method=\"post\"\n\t\t\t\t\t  autocomplete=\"off\"\n\t\t\t\t\t  data-ajax-url=\"https:\/\/www.coptis.ch\/wp-admin\/admin-ajax.php\"\n\t\t\t\t\t  data-ajax-spinner=\"https:\/\/www.coptis.ch\/wp-admin\/images\/spinner.gif\"\n\t\t\t\t\t  data-ajax-sending-msg=\"Sending...\"\n\t\t\t\t\t  data-spam-protection-msg=\"Please verify that you are not a robot.\"\n\t\t\t\t>\n\t\t\t\t\t\t\t\t\t\t\t<label for=\"user_login\">Benutzername oder E-Mail Adresse<\/label>\n\t\t\t\t\t\t\t\t\t\t<input type=\"text\" name=\"log\" id=\"user_login\" class=\"input\" value=\"\" size=\"20\" autocapitalize=\"off\" autocomplete=\"username\" required \/>\n\t\t\t\t\t\n\n\t\t\t\t\t\t\t\t\t\t<input type=\"hidden\" name=\"testcookie\" value=\"1\" \/>\n\n\t\t\t\t\t\n\t\t\t\t\t<input type=\"submit\" name=\"wp-submit\" id=\"wp-submit\" class=\"magic-login-submit button button-primary button-large \" value=\"Sende mir den Link\" \/>\n\t\t\t\t<\/form>\n\t\t\t\t\t<\/div>\n\t\t[\/vc_column_text][\/vc_column_inner][\/vc_row_inner][\/vc_column][\/vc_row]<\/p>\n<\/div>","protected":false},"excerpt":{"rendered":"<p>[vc_row wrap_container=&#8221;yes&#8221; conditional_render=&#8221;%5B%7B%22value_role%22%3A%22administrator%22%7D%5D&#8221; css_params=&#8221;&#8221; el_class=&#8221;py-5&#8243;][vc_column][vc_custom_heading text=&#8221;Melden Sie sich in Ihrem COPTIS-Mitgliederbereich an&#8221; font_container=&#8221;tag:h3|text_align:center&#8221; use_theme_fonts=&#8221;yes&#8221; css_params=&#8221;&#8221;][vc_column_text css=&#8221;&#8221; css_params=&#8221;&#8221;] Mit einem Klick haben Sie Zugriff auf alle Ihre COPTIS-Ressourcen: Dokumente und Ver\u00f6ffentlichungen der Arbeitsgruppe. In Ihrem Mitgliederbereich k\u00f6nnen Sie Ihre Dienste ganz einfach verwalten und bleiben \u00fcber die neuesten Entwicklungen auf dem Laufenden. Melden Sie sich jetzt [&hellip;]<\/p>\n","protected":false},"author":1,"featured_media":0,"parent":0,"menu_order":0,"comment_status":"closed","ping_status":"closed","template":"","meta":{"_acf_changed":false,"footnotes":""},"class_list":["post-6711","page","type-page","status-publish","hentry"],"acf":[],"yoast_head":"<!-- This site is optimized with the Yoast SEO plugin v26.3 - https:\/\/yoast.com\/wordpress\/plugins\/seo\/ -->\n<title>Anmelden - COPTIS<\/title>\n<meta name=\"robots\" content=\"index, follow, max-snippet:-1, max-image-preview:large, max-video-preview:-1\" \/>\n<link rel=\"canonical\" href=\"https:\/\/www.coptis.ch\/de\/anmelden\/\" \/>\n<meta property=\"og:locale\" content=\"de_DE\" \/>\n<meta property=\"og:type\" content=\"article\" \/>\n<meta property=\"og:title\" content=\"Anmelden - COPTIS\" \/>\n<meta property=\"og:description\" content=\"[vc_row wrap_container=&#8221;yes&#8221; conditional_render=&#8221;%5B%7B%22value_role%22%3A%22administrator%22%7D%5D&#8221; css_params=&#8221;&#8221; el_class=&#8221;py-5&#8243;][vc_column][vc_custom_heading text=&#8221;Melden Sie sich in Ihrem COPTIS-Mitgliederbereich an&#8221; font_container=&#8221;tag:h3|text_align:center&#8221; use_theme_fonts=&#8221;yes&#8221; css_params=&#8221;&#8221;][vc_column_text css=&#8221;&#8221; css_params=&#8221;&#8221;] Mit einem Klick haben Sie Zugriff auf alle Ihre COPTIS-Ressourcen: Dokumente und Ver\u00f6ffentlichungen der Arbeitsgruppe. In Ihrem Mitgliederbereich k\u00f6nnen Sie Ihre Dienste ganz einfach verwalten und bleiben \u00fcber die neuesten Entwicklungen auf dem Laufenden. Melden Sie sich jetzt [&hellip;]\" \/>\n<meta property=\"og:url\" content=\"https:\/\/www.coptis.ch\/de\/anmelden\/\" \/>\n<meta property=\"og:site_name\" content=\"COPTIS\" \/>\n<meta property=\"article:modified_time\" content=\"2025-11-14T13:30:25+00:00\" \/>\n<meta name=\"twitter:card\" content=\"summary_large_image\" \/>\n<meta name=\"twitter:label1\" content=\"Gesch\u00e4tzte Lesezeit\" \/>\n\t<meta name=\"twitter:data1\" content=\"1\u00a0Minute\" \/>\n<script type=\"application\/ld+json\" class=\"yoast-schema-graph\">{\"@context\":\"https:\/\/schema.org\",\"@graph\":[{\"@type\":\"WebPage\",\"@id\":\"https:\/\/www.coptis.ch\/de\/anmelden\/\",\"url\":\"https:\/\/www.coptis.ch\/de\/anmelden\/\",\"name\":\"Anmelden - COPTIS\",\"isPartOf\":{\"@id\":\"https:\/\/www.coptis.ch\/#website\"},\"datePublished\":\"2025-07-29T07:09:00+00:00\",\"dateModified\":\"2025-11-14T13:30:25+00:00\",\"breadcrumb\":{\"@id\":\"https:\/\/www.coptis.ch\/de\/anmelden\/#breadcrumb\"},\"inLanguage\":\"de\",\"potentialAction\":[{\"@type\":\"ReadAction\",\"target\":[\"https:\/\/www.coptis.ch\/de\/anmelden\/\"]}]},{\"@type\":\"BreadcrumbList\",\"@id\":\"https:\/\/www.coptis.ch\/de\/anmelden\/#breadcrumb\",\"itemListElement\":[{\"@type\":\"ListItem\",\"position\":1,\"name\":\"Accueil\",\"item\":\"https:\/\/www.coptis.ch\/de\/\"},{\"@type\":\"ListItem\",\"position\":2,\"name\":\"Anmelden\"}]},{\"@type\":\"WebSite\",\"@id\":\"https:\/\/www.coptis.ch\/#website\",\"url\":\"https:\/\/www.coptis.ch\/\",\"name\":\"COPTIS\",\"description\":\"Association suisse des professionnels en titrisation immobili\u00e8re\",\"potentialAction\":[{\"@type\":\"SearchAction\",\"target\":{\"@type\":\"EntryPoint\",\"urlTemplate\":\"https:\/\/www.coptis.ch\/?s={search_term_string}\"},\"query-input\":{\"@type\":\"PropertyValueSpecification\",\"valueRequired\":true,\"valueName\":\"search_term_string\"}}],\"inLanguage\":\"de\"}]}<\/script>\n<!-- \/ Yoast SEO plugin. -->","yoast_head_json":{"title":"Anmelden - COPTIS","robots":{"index":"index","follow":"follow","max-snippet":"max-snippet:-1","max-image-preview":"max-image-preview:large","max-video-preview":"max-video-preview:-1"},"canonical":"https:\/\/www.coptis.ch\/de\/anmelden\/","og_locale":"de_DE","og_type":"article","og_title":"Anmelden - COPTIS","og_description":"[vc_row wrap_container=&#8221;yes&#8221; conditional_render=&#8221;%5B%7B%22value_role%22%3A%22administrator%22%7D%5D&#8221; css_params=&#8221;&#8221; el_class=&#8221;py-5&#8243;][vc_column][vc_custom_heading text=&#8221;Melden Sie sich in Ihrem COPTIS-Mitgliederbereich an&#8221; font_container=&#8221;tag:h3|text_align:center&#8221; use_theme_fonts=&#8221;yes&#8221; css_params=&#8221;&#8221;][vc_column_text css=&#8221;&#8221; css_params=&#8221;&#8221;] Mit einem Klick haben Sie Zugriff auf alle Ihre COPTIS-Ressourcen: Dokumente und Ver\u00f6ffentlichungen der Arbeitsgruppe. In Ihrem Mitgliederbereich k\u00f6nnen Sie Ihre Dienste ganz einfach verwalten und bleiben \u00fcber die neuesten Entwicklungen auf dem Laufenden. Melden Sie sich jetzt [&hellip;]","og_url":"https:\/\/www.coptis.ch\/de\/anmelden\/","og_site_name":"COPTIS","article_modified_time":"2025-11-14T13:30:25+00:00","twitter_card":"summary_large_image","twitter_misc":{"Gesch\u00e4tzte Lesezeit":"1\u00a0Minute"},"schema":{"@context":"https:\/\/schema.org","@graph":[{"@type":"WebPage","@id":"https:\/\/www.coptis.ch\/de\/anmelden\/","url":"https:\/\/www.coptis.ch\/de\/anmelden\/","name":"Anmelden - COPTIS","isPartOf":{"@id":"https:\/\/www.coptis.ch\/#website"},"datePublished":"2025-07-29T07:09:00+00:00","dateModified":"2025-11-14T13:30:25+00:00","breadcrumb":{"@id":"https:\/\/www.coptis.ch\/de\/anmelden\/#breadcrumb"},"inLanguage":"de","potentialAction":[{"@type":"ReadAction","target":["https:\/\/www.coptis.ch\/de\/anmelden\/"]}]},{"@type":"BreadcrumbList","@id":"https:\/\/www.coptis.ch\/de\/anmelden\/#breadcrumb","itemListElement":[{"@type":"ListItem","position":1,"name":"Accueil","item":"https:\/\/www.coptis.ch\/de\/"},{"@type":"ListItem","position":2,"name":"Anmelden"}]},{"@type":"WebSite","@id":"https:\/\/www.coptis.ch\/#website","url":"https:\/\/www.coptis.ch\/","name":"COPTIS","description":"Association suisse des professionnels en titrisation immobili\u00e8re","potentialAction":[{"@type":"SearchAction","target":{"@type":"EntryPoint","urlTemplate":"https:\/\/www.coptis.ch\/?s={search_term_string}"},"query-input":{"@type":"PropertyValueSpecification","valueRequired":true,"valueName":"search_term_string"}}],"inLanguage":"de"}]}},"_links":{"self":[{"href":"https:\/\/www.coptis.ch\/de\/wp-json\/wp\/v2\/pages\/6711","targetHints":{"allow":["GET"]}}],"collection":[{"href":"https:\/\/www.coptis.ch\/de\/wp-json\/wp\/v2\/pages"}],"about":[{"href":"https:\/\/www.coptis.ch\/de\/wp-json\/wp\/v2\/types\/page"}],"author":[{"embeddable":true,"href":"https:\/\/www.coptis.ch\/de\/wp-json\/wp\/v2\/users\/1"}],"replies":[{"embeddable":true,"href":"https:\/\/www.coptis.ch\/de\/wp-json\/wp\/v2\/comments?post=6711"}],"version-history":[{"count":10,"href":"https:\/\/www.coptis.ch\/de\/wp-json\/wp\/v2\/pages\/6711\/revisions"}],"predecessor-version":[{"id":7610,"href":"https:\/\/www.coptis.ch\/de\/wp-json\/wp\/v2\/pages\/6711\/revisions\/7610"}],"wp:attachment":[{"href":"https:\/\/www.coptis.ch\/de\/wp-json\/wp\/v2\/media?parent=6711"}],"curies":[{"name":"wp","href":"https:\/\/api.w.org\/{rel}","templated":true}]}}