{"id":6715,"date":"2025-07-24T13:13:27","date_gmt":"2025-07-24T11:13:27","guid":{"rendered":"https:\/\/www.coptis.ch\/mitgliederliste\/"},"modified":"2025-09-08T13:09:36","modified_gmt":"2025-09-08T11:09:36","slug":"mitgliederliste","status":"publish","type":"page","link":"https:\/\/www.coptis.ch\/de\/mitgliederliste\/","title":{"rendered":"Mitgliederliste"},"content":{"rendered":"<div class=\"wpb-content-wrapper\"><p>[vc_row wrap_container=&#8221;yes&#8221; no_padding=&#8221;yes&#8221; conditional_render=&#8221;%5B%7B%22value_role%22%3A%22administrator%22%7D%5D&#8221; css_params=&#8221;&#8221; css=&#8221;.vc_custom_1753434931237{padding-top: 25px !important;}&#8221;][vc_column]<div class=\"porto-u-heading mb-2  wpb_custom_c182b3374edaa84a76f180713b2dc39b porto-u-55ca8359258f9a412be7e73af65d2aac \"><div class=\"porto-u-main-heading\"><h2   style=\"color:var(--porto-dark-color);margin-bottom: 10px;\">COPTIS-Mitgliederliste<\/h2><\/div><div class=\"porto-u-sub-heading\" style=\"\">COPTIS, der Schweizerische Verband der Fachleute f\u00fcr Immobilienverbriefung, wurde 2011 von einer Gruppe von Akteuren gegr\u00fcndet, die sich f\u00fcr eine koh\u00e4rente und nachhaltige Entwicklung der Immobilien-Verbriefungsaktivit\u00e4ten in der Schweiz einsetzten.<\/div><style>.porto-u-55ca8359258f9a412be7e73af65d2aac.porto-u-heading{text-align:center}<\/style><\/div>[\/vc_column][\/vc_row][vc_row wrap_container=&#8221;yes&#8221; no_padding=&#8221;yes&#8221; animation_duration=&#8221;100&#8243; css=&#8221;.vc_custom_1756280968627{border-color: rgba(0,0,0,0.06) !important;}&#8221; animation_type=&#8221;fadeInUp&#8221; conditional_render=&#8221;%5B%7B%22value_role%22%3A%22administrator%22%7D%5D&#8221; css_params=&#8221;&#8221; el_class=&#8221;py-3&#8243;][vc_column conditional_render=&#8221;%5B%7B%22value_role%22%3A%22administrator%22%7D%5D&#8221;][porto_tb_posts post_type=&#8221;companies&#8221; orderby=&#8221;title&#8221; order=&#8221;ASC&#8221; spacing=&#8221;20&#8243; columns_tablet=&#8221;3&#8243; columns_mobile=&#8221;2&#8243; pagination_style=&#8221;ajax&#8221; image_size=&#8221;related-post&#8221; builder_id=&#8221;5813&#8243; css_params=&#8221;&#8221; el_class=&#8221;py-3&#8243; count=&#8221;50&#8243;][\/vc_column][\/vc_row][vc_row css=&#8221;.vc_custom_1753434832556{margin-bottom: -40px !important;}&#8221; conditional_render=&#8221;%5B%7B%22value_role%22%3A%22administrator%22%7D%5D&#8221; css_params=&#8221;&#8221;][vc_column]<div class=\"porto-block\" data-id=\"6926\"><style>.vc_custom_1753359058465{padding-top: 25px !important;padding-bottom: 25px !important;background-color: #d62040 !important;}.vc_custom_1753256345372{margin-bottom: 1px !important;}.porto-sicon-box.wpb_custom_a4802976ddc90dd45e8cea536ff68ec0 .porto-icon, .porto-sicon-box.wpb_custom_a4802976ddc90dd45e8cea536ff68ec0 .porto-sicon-img{margin-top:-5px; margin-right:12px;}.porto-sicon-box.wpb_custom_2ccbe3e616e3e99d1ad178e76088c729 .porto-icon, .porto-sicon-box.wpb_custom_2ccbe3e616e3e99d1ad178e76088c729 .porto-sicon-img{margin-top:3px; margin-right:12px;}.wpb_custom_a4802976ddc90dd45e8cea536ff68ec0 .porto-sicon-title{color: #ffffff;transition: color .3s;}.wpb_custom_a4802976ddc90dd45e8cea536ff68ec0 .porto-sicon-title:hover{color: rgba(255,255,255,0.85);}.wpb_custom_a4802976ddc90dd45e8cea536ff68ec0.porto-sicon-mobile{--porto-infobox-mpos-align: center;}.wpb_custom_2ccbe3e616e3e99d1ad178e76088c729 .porto-sicon-title{color: #ffffff;transition: color .3s;}.wpb_custom_2ccbe3e616e3e99d1ad178e76088c729 .porto-sicon-title:hover{color: rgba(255,255,255,0.85);}.wpb_custom_2ccbe3e616e3e99d1ad178e76088c729.porto-sicon-mobile{--porto-infobox-mpos-align: center;}<\/style>[vc_row full_width=\"stretch_row\" content_placement=\"middle\" animation_delay=\"\" css=\".vc_custom_1753359058465{padding-top: 25px !important;padding-bottom: 25px !important;background-color: #d62040 !important;}\" conditional_render=\"%5B%7B%22value_role%22%3A%22administrator%22%7D%5D\" css_params=\"\"][vc_column offset=\"vc_col-lg-6\" el_class=\"mb-5 mb-xl-0\"][vc_custom_heading text=\"M\u00f6chten Sie dem f\u00fchrenden Netzwerk von Experten in\" font_container=\"tag:h4|font_size:1.2em|text_align:center|color:rgba(255%2C255%2C255%2C0.9)|line_height:24px\" use_theme_fonts=\"yes\" font_weight=\"600\" letter_spacing=\"-0.05em\" animation_delay=\"500\" el_class=\"opacity-9 mb-1\" animation_type=\"lightSpeedIn\" css_params=\"\"][vc_custom_heading text=\"Immobilienverbriefung in der Schweiz?\" font_container=\"tag:h2|font_size:2em|text_align:center|line_height:1.25em\" use_theme_fonts=\"yes\" font_weight=\"700\" skin=\"light\" letter_spacing=\"-1px\" animation_delay=\"750\" el_class=\"mb-2 font-style-normal\" animation_type=\"lightSpeedIn\" css_params=\"\"][\/vc_column][vc_column animation_delay=\"1600\" el_class=\"mb-5 mb-xl-0 order-lg-first\" offset=\"vc_col-lg-3\" animation_type=\"fadeInRight\" conditional_render=\"%5B%7B%22value_role%22%3A%22administrator%22%7D%5D\"]<div class=\"porto-sicon-box  vc_custom_1753256345372 top-n1-icon-box mb-3 justify-content-center justify-content-xl-start  wpb_custom_a4802976ddc90dd45e8cea536ff68ec0 style_1 default-icon\"><div class=\"porto-sicon-default\"><div class=\"porto-just-icon-wrapper porto-icon none\" style=\"color:var(--porto-light-color);font-size:23.1px;\"><i class=\"Simple-Line-Icons-phone\"><\/i><\/div><\/div><div class=\"porto-sicon-header\"><a class=\"porto-sicon-box-link\" href=\"tel:+41%2044%20521%2099%2050\"><div class=\"porto-sicon-title\" style=\"font-weight:700;font-size:21px;color:#ffffff;line-height:24px;letter-spacing:0;\">+41 44 521 99 50<\/div><\/a><\/div> <!-- header --><\/div><!-- porto-sicon-box --><div class=\"porto-sicon-box top-2-icon-box mb-0 justify-content-center justify-content-xl-start  wpb_custom_2ccbe3e616e3e99d1ad178e76088c729 style_1 default-icon\"><div class=\"porto-sicon-default\"><div class=\"porto-just-icon-wrapper porto-icon none\" style=\"color:var(--porto-light-color);font-size:25.2px;\"><i class=\"Simple-Line-Icons-envelope\"><\/i><\/div><\/div><div class=\"porto-sicon-header\"><a class=\"porto-sicon-box-link\" href=\"mailto:info@coptis.ch\"><div class=\"porto-sicon-title\" style=\"font-size:16.8px;color:#ffffff;line-height:24px;letter-spacing:0;\">info@coptis.ch<\/div><\/a><\/div> <!-- header --><\/div><!-- porto-sicon-box -->[\/vc_column][vc_column animation_delay=\"1600\" offset=\"vc_col-lg-3\" el_class=\"text-center text-xl-end\" animation_type=\"fadeInLeft\"][vc_btn title=\"Anmelden, um Mitglied zu werden\" style=\"outline\" align=\"center\" skin=\"light\" css_params=\"\" el_class=\"mb-0\" link=\"url:https%3A%2F%2Fwww.coptis.ch%2Fde%2Fregistrieren%2F|\"][\/vc_column][\/vc_row]<\/div>[\/vc_column][\/vc_row]<\/p>\n<\/div>","protected":false},"excerpt":{"rendered":"<p>[vc_row wrap_container=&#8221;yes&#8221; no_padding=&#8221;yes&#8221; conditional_render=&#8221;%5B%7B%22value_role%22%3A%22administrator%22%7D%5D&#8221; css_params=&#8221;&#8221; css=&#8221;.vc_custom_1753434931237{padding-top: 25px !important;}&#8221;][vc_column][\/vc_column][\/vc_row][vc_row wrap_container=&#8221;yes&#8221; no_padding=&#8221;yes&#8221; animation_duration=&#8221;100&#8243; css=&#8221;.vc_custom_1756280968627{border-color: rgba(0,0,0,0.06) !important;}&#8221; animation_type=&#8221;fadeInUp&#8221; conditional_render=&#8221;%5B%7B%22value_role%22%3A%22administrator%22%7D%5D&#8221; css_params=&#8221;&#8221; el_class=&#8221;py-3&#8243;][vc_column conditional_render=&#8221;%5B%7B%22value_role%22%3A%22administrator%22%7D%5D&#8221;][porto_tb_posts post_type=&#8221;companies&#8221; orderby=&#8221;title&#8221; order=&#8221;ASC&#8221; spacing=&#8221;20&#8243; columns_tablet=&#8221;3&#8243; columns_mobile=&#8221;2&#8243; pagination_style=&#8221;ajax&#8221; image_size=&#8221;related-post&#8221; builder_id=&#8221;5813&#8243; css_params=&#8221;&#8221; el_class=&#8221;py-3&#8243; count=&#8221;50&#8243;][\/vc_column][\/vc_row][vc_row css=&#8221;.vc_custom_1753434832556{margin-bottom: -40px !important;}&#8221; conditional_render=&#8221;%5B%7B%22value_role%22%3A%22administrator%22%7D%5D&#8221; css_params=&#8221;&#8221;][vc_column][\/vc_column][\/vc_row]<\/p>\n","protected":false},"author":1,"featured_media":0,"parent":0,"menu_order":0,"comment_status":"closed","ping_status":"closed","template":"","meta":{"_acf_changed":false,"footnotes":""},"class_list":["post-6715","page","type-page","status-publish","hentry"],"acf":[],"yoast_head":"<!-- This site is optimized with the Yoast SEO plugin v26.3 - https:\/\/yoast.com\/wordpress\/plugins\/seo\/ -->\n<title>Mitgliederliste - COPTIS<\/title>\n<meta name=\"robots\" content=\"index, follow, max-snippet:-1, max-image-preview:large, max-video-preview:-1\" \/>\n<link rel=\"canonical\" href=\"https:\/\/www.coptis.ch\/liste-des-membres\/\" \/>\n<meta property=\"og:locale\" content=\"de_DE\" \/>\n<meta property=\"og:type\" content=\"article\" \/>\n<meta property=\"og:title\" content=\"Mitgliederliste - COPTIS\" \/>\n<meta property=\"og:description\" content=\"[vc_row wrap_container=&#8221;yes&#8221; no_padding=&#8221;yes&#8221; conditional_render=&#8221;%5B%7B%22value_role%22%3A%22administrator%22%7D%5D&#8221; css_params=&#8221;&#8221; css=&#8221;.vc_custom_1753434931237{padding-top: 25px !important;}&#8221;][vc_column][\/vc_column][\/vc_row][vc_row wrap_container=&#8221;yes&#8221; no_padding=&#8221;yes&#8221; animation_duration=&#8221;100&#8243; css=&#8221;.vc_custom_1756280968627{border-color: rgba(0,0,0,0.06) !important;}&#8221; animation_type=&#8221;fadeInUp&#8221; conditional_render=&#8221;%5B%7B%22value_role%22%3A%22administrator%22%7D%5D&#8221; css_params=&#8221;&#8221; el_class=&#8221;py-3&#8243;][vc_column conditional_render=&#8221;%5B%7B%22value_role%22%3A%22administrator%22%7D%5D&#8221;][porto_tb_posts post_type=&#8221;companies&#8221; orderby=&#8221;title&#8221; order=&#8221;ASC&#8221; spacing=&#8221;20&#8243; columns_tablet=&#8221;3&#8243; columns_mobile=&#8221;2&#8243; pagination_style=&#8221;ajax&#8221; image_size=&#8221;related-post&#8221; builder_id=&#8221;5813&#8243; css_params=&#8221;&#8221; el_class=&#8221;py-3&#8243; count=&#8221;50&#8243;][\/vc_column][\/vc_row][vc_row css=&#8221;.vc_custom_1753434832556{margin-bottom: -40px !important;}&#8221; conditional_render=&#8221;%5B%7B%22value_role%22%3A%22administrator%22%7D%5D&#8221; css_params=&#8221;&#8221;][vc_column][\/vc_column][\/vc_row]\" \/>\n<meta property=\"og:url\" content=\"https:\/\/www.coptis.ch\/liste-des-membres\/\" \/>\n<meta property=\"og:site_name\" content=\"COPTIS\" \/>\n<meta property=\"article:modified_time\" content=\"2025-09-08T11:09:36+00:00\" \/>\n<meta name=\"twitter:card\" content=\"summary_large_image\" \/>\n<meta name=\"twitter:label1\" content=\"Gesch\u00e4tzte Lesezeit\" \/>\n\t<meta name=\"twitter:data1\" content=\"1\u00a0Minute\" \/>\n<script type=\"application\/ld+json\" class=\"yoast-schema-graph\">{\"@context\":\"https:\/\/schema.org\",\"@graph\":[{\"@type\":\"WebPage\",\"@id\":\"https:\/\/www.coptis.ch\/liste-des-membres\/\",\"url\":\"https:\/\/www.coptis.ch\/liste-des-membres\/\",\"name\":\"Mitgliederliste - COPTIS\",\"isPartOf\":{\"@id\":\"https:\/\/www.coptis.ch\/#website\"},\"datePublished\":\"2025-07-24T11:13:27+00:00\",\"dateModified\":\"2025-09-08T11:09:36+00:00\",\"breadcrumb\":{\"@id\":\"https:\/\/www.coptis.ch\/liste-des-membres\/#breadcrumb\"},\"inLanguage\":\"de\",\"potentialAction\":[{\"@type\":\"ReadAction\",\"target\":[\"https:\/\/www.coptis.ch\/liste-des-membres\/\"]}]},{\"@type\":\"BreadcrumbList\",\"@id\":\"https:\/\/www.coptis.ch\/liste-des-membres\/#breadcrumb\",\"itemListElement\":[{\"@type\":\"ListItem\",\"position\":1,\"name\":\"Accueil\",\"item\":\"https:\/\/www.coptis.ch\/de\/\"},{\"@type\":\"ListItem\",\"position\":2,\"name\":\"Mitgliederliste\"}]},{\"@type\":\"WebSite\",\"@id\":\"https:\/\/www.coptis.ch\/#website\",\"url\":\"https:\/\/www.coptis.ch\/\",\"name\":\"COPTIS\",\"description\":\"Association suisse des professionnels en titrisation immobili\u00e8re\",\"potentialAction\":[{\"@type\":\"SearchAction\",\"target\":{\"@type\":\"EntryPoint\",\"urlTemplate\":\"https:\/\/www.coptis.ch\/?s={search_term_string}\"},\"query-input\":{\"@type\":\"PropertyValueSpecification\",\"valueRequired\":true,\"valueName\":\"search_term_string\"}}],\"inLanguage\":\"de\"}]}<\/script>\n<!-- \/ Yoast SEO plugin. -->","yoast_head_json":{"title":"Mitgliederliste - COPTIS","robots":{"index":"index","follow":"follow","max-snippet":"max-snippet:-1","max-image-preview":"max-image-preview:large","max-video-preview":"max-video-preview:-1"},"canonical":"https:\/\/www.coptis.ch\/liste-des-membres\/","og_locale":"de_DE","og_type":"article","og_title":"Mitgliederliste - COPTIS","og_description":"[vc_row wrap_container=&#8221;yes&#8221; no_padding=&#8221;yes&#8221; conditional_render=&#8221;%5B%7B%22value_role%22%3A%22administrator%22%7D%5D&#8221; css_params=&#8221;&#8221; css=&#8221;.vc_custom_1753434931237{padding-top: 25px !important;}&#8221;][vc_column][\/vc_column][\/vc_row][vc_row wrap_container=&#8221;yes&#8221; no_padding=&#8221;yes&#8221; animation_duration=&#8221;100&#8243; css=&#8221;.vc_custom_1756280968627{border-color: rgba(0,0,0,0.06) !important;}&#8221; animation_type=&#8221;fadeInUp&#8221; conditional_render=&#8221;%5B%7B%22value_role%22%3A%22administrator%22%7D%5D&#8221; css_params=&#8221;&#8221; el_class=&#8221;py-3&#8243;][vc_column conditional_render=&#8221;%5B%7B%22value_role%22%3A%22administrator%22%7D%5D&#8221;][porto_tb_posts post_type=&#8221;companies&#8221; orderby=&#8221;title&#8221; order=&#8221;ASC&#8221; spacing=&#8221;20&#8243; columns_tablet=&#8221;3&#8243; columns_mobile=&#8221;2&#8243; pagination_style=&#8221;ajax&#8221; image_size=&#8221;related-post&#8221; builder_id=&#8221;5813&#8243; css_params=&#8221;&#8221; el_class=&#8221;py-3&#8243; count=&#8221;50&#8243;][\/vc_column][\/vc_row][vc_row css=&#8221;.vc_custom_1753434832556{margin-bottom: -40px !important;}&#8221; conditional_render=&#8221;%5B%7B%22value_role%22%3A%22administrator%22%7D%5D&#8221; css_params=&#8221;&#8221;][vc_column][\/vc_column][\/vc_row]","og_url":"https:\/\/www.coptis.ch\/liste-des-membres\/","og_site_name":"COPTIS","article_modified_time":"2025-09-08T11:09:36+00:00","twitter_card":"summary_large_image","twitter_misc":{"Gesch\u00e4tzte Lesezeit":"1\u00a0Minute"},"schema":{"@context":"https:\/\/schema.org","@graph":[{"@type":"WebPage","@id":"https:\/\/www.coptis.ch\/liste-des-membres\/","url":"https:\/\/www.coptis.ch\/liste-des-membres\/","name":"Mitgliederliste - COPTIS","isPartOf":{"@id":"https:\/\/www.coptis.ch\/#website"},"datePublished":"2025-07-24T11:13:27+00:00","dateModified":"2025-09-08T11:09:36+00:00","breadcrumb":{"@id":"https:\/\/www.coptis.ch\/liste-des-membres\/#breadcrumb"},"inLanguage":"de","potentialAction":[{"@type":"ReadAction","target":["https:\/\/www.coptis.ch\/liste-des-membres\/"]}]},{"@type":"BreadcrumbList","@id":"https:\/\/www.coptis.ch\/liste-des-membres\/#breadcrumb","itemListElement":[{"@type":"ListItem","position":1,"name":"Accueil","item":"https:\/\/www.coptis.ch\/de\/"},{"@type":"ListItem","position":2,"name":"Mitgliederliste"}]},{"@type":"WebSite","@id":"https:\/\/www.coptis.ch\/#website","url":"https:\/\/www.coptis.ch\/","name":"COPTIS","description":"Association suisse des professionnels en titrisation immobili\u00e8re","potentialAction":[{"@type":"SearchAction","target":{"@type":"EntryPoint","urlTemplate":"https:\/\/www.coptis.ch\/?s={search_term_string}"},"query-input":{"@type":"PropertyValueSpecification","valueRequired":true,"valueName":"search_term_string"}}],"inLanguage":"de"}]}},"_links":{"self":[{"href":"https:\/\/www.coptis.ch\/de\/wp-json\/wp\/v2\/pages\/6715","targetHints":{"allow":["GET"]}}],"collection":[{"href":"https:\/\/www.coptis.ch\/de\/wp-json\/wp\/v2\/pages"}],"about":[{"href":"https:\/\/www.coptis.ch\/de\/wp-json\/wp\/v2\/types\/page"}],"author":[{"embeddable":true,"href":"https:\/\/www.coptis.ch\/de\/wp-json\/wp\/v2\/users\/1"}],"replies":[{"embeddable":true,"href":"https:\/\/www.coptis.ch\/de\/wp-json\/wp\/v2\/comments?post=6715"}],"version-history":[{"count":10,"href":"https:\/\/www.coptis.ch\/de\/wp-json\/wp\/v2\/pages\/6715\/revisions"}],"predecessor-version":[{"id":6933,"href":"https:\/\/www.coptis.ch\/de\/wp-json\/wp\/v2\/pages\/6715\/revisions\/6933"}],"wp:attachment":[{"href":"https:\/\/www.coptis.ch\/de\/wp-json\/wp\/v2\/media?parent=6715"}],"curies":[{"name":"wp","href":"https:\/\/api.w.org\/{rel}","templated":true}]}}