{"id":6725,"date":"2025-07-23T14:32:17","date_gmt":"2025-07-23T12:32:17","guid":{"rendered":"https:\/\/www.coptis.ch\/unsere-arbeitsgruppen\/"},"modified":"2025-09-11T09:28:06","modified_gmt":"2025-09-11T07:28:06","slug":"unsere-arbeitsgruppen","status":"publish","type":"page","link":"https:\/\/www.coptis.ch\/de\/unsere-arbeitsgruppen\/","title":{"rendered":"Unsere Arbeitsgruppen"},"content":{"rendered":"<div class=\"wpb-content-wrapper\"><p>[vc_row wrap_container=&#8221;yes&#8221; no_padding=&#8221;yes&#8221; animation_delay=&#8221;100&#8243; css=&#8221;.vc_custom_1757319481080{padding-top: 50px !important;border-color: rgba(0,0,0,0.06) !important;}&#8221; animation_type=&#8221;fadeInUp&#8221; conditional_render=&#8221;%5B%7B%22value_role%22%3A%22administrator%22%7D%5D&#8221; css_params=&#8221;&#8221;][vc_column conditional_render=&#8221;%5B%7B%22value_role%22%3A%22administrator%22%7D%5D&#8221;][vc_custom_heading text=&#8221;Unsere Arbeitsgruppen&#8221; font_container=&#8221;tag:h4|font_size:1.2em|text_align:center|line_height:42px&#8221; use_theme_fonts=&#8221;yes&#8221; css=&#8221;.vc_custom_1753344559452{margin-bottom: -1px !important;}&#8221; text_transform=&#8221;text-uppercase&#8221; font_weight=&#8221;600&#8243; skin=&#8221;primary&#8221; css_params=&#8221;&#8221;]<div class=\"porto-u-heading mb-4  wpb_custom_c0d06cfdebbed22398da3d8103101198 porto-u-55ca8359258f9a412be7e73af65d2aac \"><div class=\"porto-u-main-heading\"><h2   style=\"margin-bottom: 10px;\">COPTIS hat verschiedene Arbeitsgruppen, die mehrmals im Jahr tagen. Ziel dieser Arbeitsgruppen ist aktuelle Herausforderungen rund um die Immobilienverbriefung zu erkennen und Massnahmen zu erarbeiten.<\/h2><\/div><div class=\"porto-u-sub-heading\" style=\"margin-bottom:10px;\">Im Rahmen ihrer Sitzungen k\u00f6nnen sich Fachvertreter der Mitgliedsgesellschaften informieren und austauschen. Ihre Erfahrungen, Erkenntnisse und Empfehlungen werden anschliessend allen Mitgliedern \u00fcber Newsletter, Leitf\u00e4den oder anl\u00e4sslich von Roundtables zur Verf\u00fcgung gestellt.<\/div><style>.porto-u-55ca8359258f9a412be7e73af65d2aac.porto-u-heading{text-align:center}<\/style><\/div>[vc_row_inner wrap_container=&#8221;yes&#8221; el_class=&#8221;mb-0&#8243; css_params=&#8221;&#8221;][vc_column_inner width=&#8221;1\/3&#8243;]<div class=\"porto-content-box featured-boxes wpb_content_element \"><div class=\"featured-box \" style=\"\"><div class=\"box-content\" style=\"\"><div class=\"porto-sicon-box  wpb_custom_cdcf0f538c0bc5d94be841c8befe16dc style_1 top-icon\"><div class=\"porto-sicon-top\"><div class=\"porto-just-icon-wrapper porto-icon none\" style=\"color:var(--porto-primary-color);font-size:50px;\"><i class=\"far fa-folder-open\"><\/i><\/div><\/div><div class=\"porto-sicon-header\"><h4 class=\"porto-sicon-title\" style=\"\">Steuern<\/h4><\/div> <!-- header --><div class=\"porto-sicon-description\" style=\"color:var(--porto-dark-color);\">Die Arbeitsgruppe kommt etwa vier Mal im Jahr zusammen, um aktuelle Fragen zu diskutieren und steuerrechtliche Entwicklungen auf Bundesebene und auf kantonaler Ebene zu verfolgen.<a class=\"porto-sicon-read xx\" href=\"https:\/\/www.coptis.ch\/de\/unsere-arbeitsgruppen\/arbeitsgruppe-steuern\/\" title='Groupes de travail'>Lesen Sie mehr<span>&nbsp;&raquo;<\/span><\/a><\/div> <!-- description --><\/div><!-- porto-sicon-box --><\/div><\/div><\/div>[\/vc_column_inner][vc_column_inner width=&#8221;1\/3&#8243;]<div class=\"porto-content-box featured-boxes wpb_content_element \"><div class=\"featured-box \" style=\"\"><div class=\"box-content\" style=\"\"><div class=\"porto-sicon-box  wpb_custom_cdcf0f538c0bc5d94be841c8befe16dc style_1 top-icon\"><div class=\"porto-sicon-top\"><div class=\"porto-just-icon-wrapper porto-icon none\" style=\"color:var(--porto-primary-color);font-size:50px;\"><i class=\"far fa-folder-open\"><\/i><\/div><\/div><div class=\"porto-sicon-header\"><h4 class=\"porto-sicon-title\" style=\"\">Anlagestiftungen<\/h4><\/div> <!-- header --><div class=\"porto-sicon-description\" style=\"color:var(--porto-dark-color);\">Diese Gruppe \u00fcberwacht rechtliche und regulatorische Vorschriften und nimmt an Vernehmlassungen teil, die Immobilienanlagestiftungen betreffen.<a class=\"porto-sicon-read xx\" href=\"http:\/\/Arbeitsgruppe%20Anlagestiftungen\" title='Groupes de travail'>Lesen Sie mehr<span>&nbsp;&raquo;<\/span><\/a><\/div> <!-- description --><\/div><!-- porto-sicon-box --><\/div><\/div><\/div>[\/vc_column_inner][vc_column_inner width=&#8221;1\/3&#8243;]<div class=\"porto-content-box featured-boxes wpb_content_element \"><div class=\"featured-box \" style=\"\"><div class=\"box-content\" style=\"\"><div class=\"porto-sicon-box  wpb_custom_ace25d195e3af0eb3735dc66fcb24cf7 style_1 top-icon\"><div class=\"porto-sicon-top\"><div class=\"porto-just-icon-wrapper porto-icon none\" style=\"color:var(--porto-primary-color);font-size:50px;\"><i class=\"far fa-folder-open\"><\/i><\/div><\/div><div class=\"porto-sicon-header\"><h4 class=\"porto-sicon-title\" style=\"\">Legal & Regulation<\/h4><\/div> <!-- header --><div class=\"porto-sicon-description\" style=\"color:var(--porto-dark-color);\">\u00dcberwachung von rechtlichen und aufsichtsrechtlichen Bestimmungen und Erarbeitung von Stellungnahmen des Verbandes zu Gesetzes\u00e4nderungen, die die Immobilienverbriefung in der Schweiz betreffen.<a class=\"porto-sicon-read xx\" href=\"https:\/\/www.coptis.ch\/de\/unsere-arbeitsgruppen\/arbeitsgruppe-legal-regulation\/\" title='Groupes de travail'>Lesen Sie mehr<span>&nbsp;&raquo;<\/span><\/a><\/div> <!-- description --><\/div><!-- porto-sicon-box --><\/div><\/div><\/div>[\/vc_column_inner][\/vc_row_inner][vc_row_inner wrap_container=&#8221;yes&#8221; el_class=&#8221;mb-0&#8243; css_params=&#8221;&#8221;][vc_column_inner width=&#8221;1\/3&#8243;]<div class=\"porto-content-box featured-boxes wpb_content_element \"><div class=\"featured-box \" style=\"\"><div class=\"box-content\" style=\"\"><div class=\"porto-sicon-box  wpb_custom_cdcf0f538c0bc5d94be841c8befe16dc style_1 top-icon\"><div class=\"porto-sicon-top\"><div class=\"porto-just-icon-wrapper porto-icon none\" style=\"color:var(--porto-primary-color);font-size:50px;\"><i class=\"far fa-folder-open\"><\/i><\/div><\/div><div class=\"porto-sicon-header\"><h4 class=\"porto-sicon-title\" style=\"\">Risk Management<\/h4><\/div> <!-- header --><div class=\"porto-sicon-description\" style=\"color:var(--porto-dark-color);\">Erfahrung und Fachwissen zu aktuellen Fragen auszutauschen, neue gesetzliche oder regulatorische Anforderungen anzusprechen und Zweckm\u00e4ssigkeit der Definition von Richtlinien zu untersuchen.<a class=\"porto-sicon-read xx\" href=\"https:\/\/www.coptis.ch\/de\/unsere-arbeitsgruppen\/arbeitsgruppe-risk-management\/\" title='Groupes de travail'>Lesen Sie mehr<span>&nbsp;&raquo;<\/span><\/a><\/div> <!-- description --><\/div><!-- porto-sicon-box --><\/div><\/div><\/div>[\/vc_column_inner][vc_column_inner width=&#8221;1\/3&#8243;]<div class=\"porto-content-box featured-boxes wpb_content_element \"><div class=\"featured-box \" style=\"\"><div class=\"box-content\" style=\"\"><div class=\"porto-sicon-box  wpb_custom_cdcf0f538c0bc5d94be841c8befe16dc style_1 top-icon\"><div class=\"porto-sicon-top\"><div class=\"porto-just-icon-wrapper porto-icon none\" style=\"color:var(--porto-primary-color);font-size:50px;\"><i class=\"far fa-folder-open\"><\/i><\/div><\/div><div class=\"porto-sicon-header\"><h4 class=\"porto-sicon-title\" style=\"\">ESG<\/h4><\/div> <!-- header --><div class=\"porto-sicon-description\" style=\"color:var(--porto-dark-color);\">Die Arbeitsgruppe wird im Laufe dieses Jahres einen Leitfaden zum Thema Nachhaltigkeit im Immobilienbereich erstellen.<a class=\"porto-sicon-read xx\" href=\"https:\/\/www.coptis.ch\/de\/unsere-arbeitsgruppen\/arbeitsgruppe-esg\/\" title='Groupes de travail'>Lesen Sie mehr<span>&nbsp;&raquo;<\/span><\/a><\/div> <!-- description --><\/div><!-- porto-sicon-box --><\/div><\/div><\/div>[\/vc_column_inner][vc_column_inner width=&#8221;1\/3&#8243;][\/vc_column_inner][\/vc_row_inner][\/vc_column][\/vc_row][vc_row wrap_container=&#8221;yes&#8221; conditional_render=&#8221;%5B%7B%22value_role%22%3A%22administrator%22%7D%5D&#8221; css_params=&#8221;&#8221; el_class=&#8221;mb-0&#8243; css=&#8221;.vc_custom_1753353937876{padding-top: 25px !important;}&#8221;][vc_column]<div class=\"porto-block\" data-id=\"2932\">[vc_row wrap_container=\"yes\" no_padding=\"yes\" conditional_render=\"%5B%7B%22value_role%22%3A%22administrator%22%7D%5D\" css_params=\"\"][vc_column][vc_images_carousel images=\"2933,2934,2935,2936,2937,2938,2939,2940,2941,2942,2943,2944,2945,2946,2947,2948,2949,2950,2951,2952,2953,2954,2955,2956,2957,2958,2959,2960,2961,2962,2963,2964,2965,2966,2967,2968,2969,2970,2971,2972,2973,2974,2975,2976,2977,2978\" img_size=\"full\" onclick=\"link_no\" speed=\"2000\" slides_per_view=\"4\" autoplay=\"yes\" hide_pagination_control=\"yes\" hide_prev_next_buttons=\"yes\" wrap=\"yes\" css=\"\" css_params=\"\"][\/vc_column][\/vc_row]<\/div>[\/vc_column][\/vc_row]<\/p>\n<\/div>","protected":false},"excerpt":{"rendered":"<p>[vc_row wrap_container=&#8221;yes&#8221; no_padding=&#8221;yes&#8221; animation_delay=&#8221;100&#8243; css=&#8221;.vc_custom_1757319481080{padding-top: 50px !important;border-color: rgba(0,0,0,0.06) !important;}&#8221; animation_type=&#8221;fadeInUp&#8221; conditional_render=&#8221;%5B%7B%22value_role%22%3A%22administrator%22%7D%5D&#8221; css_params=&#8221;&#8221;][vc_column conditional_render=&#8221;%5B%7B%22value_role%22%3A%22administrator%22%7D%5D&#8221;][vc_custom_heading text=&#8221;Unsere Arbeitsgruppen&#8221; font_container=&#8221;tag:h4|font_size:1.2em|text_align:center|line_height:42px&#8221; use_theme_fonts=&#8221;yes&#8221; css=&#8221;.vc_custom_1753344559452{margin-bottom: -1px !important;}&#8221; text_transform=&#8221;text-uppercase&#8221; font_weight=&#8221;600&#8243; skin=&#8221;primary&#8221; css_params=&#8221;&#8221;][vc_row_inner wrap_container=&#8221;yes&#8221; el_class=&#8221;mb-0&#8243; css_params=&#8221;&#8221;][vc_column_inner width=&#8221;1\/3&#8243;][\/vc_column_inner][vc_column_inner width=&#8221;1\/3&#8243;][\/vc_column_inner][vc_column_inner width=&#8221;1\/3&#8243;][\/vc_column_inner][\/vc_row_inner][vc_row_inner wrap_container=&#8221;yes&#8221; el_class=&#8221;mb-0&#8243; css_params=&#8221;&#8221;][vc_column_inner width=&#8221;1\/3&#8243;][\/vc_column_inner][vc_column_inner width=&#8221;1\/3&#8243;][\/vc_column_inner][vc_column_inner width=&#8221;1\/3&#8243;][\/vc_column_inner][\/vc_row_inner][\/vc_column][\/vc_row][vc_row wrap_container=&#8221;yes&#8221; conditional_render=&#8221;%5B%7B%22value_role%22%3A%22administrator%22%7D%5D&#8221; css_params=&#8221;&#8221; el_class=&#8221;mb-0&#8243; css=&#8221;.vc_custom_1753353937876{padding-top: 25px !important;}&#8221;][vc_column][\/vc_column][\/vc_row]<\/p>\n","protected":false},"author":1,"featured_media":0,"parent":0,"menu_order":0,"comment_status":"closed","ping_status":"closed","template":"","meta":{"_acf_changed":false,"footnotes":""},"class_list":["post-6725","page","type-page","status-publish","hentry"],"acf":[],"yoast_head":"<!-- This site is optimized with the Yoast SEO plugin v26.3 - https:\/\/yoast.com\/wordpress\/plugins\/seo\/ -->\n<title>Unsere Arbeitsgruppen - COPTIS<\/title>\n<meta name=\"robots\" content=\"index, follow, max-snippet:-1, max-image-preview:large, max-video-preview:-1\" \/>\n<link rel=\"canonical\" href=\"https:\/\/www.coptis.ch\/nos-groupes-de-travail\/\" \/>\n<meta property=\"og:locale\" content=\"de_DE\" \/>\n<meta property=\"og:type\" content=\"article\" \/>\n<meta property=\"og:title\" content=\"Unsere Arbeitsgruppen - COPTIS\" \/>\n<meta property=\"og:description\" content=\"[vc_row wrap_container=&#8221;yes&#8221; no_padding=&#8221;yes&#8221; animation_delay=&#8221;100&#8243; css=&#8221;.vc_custom_1757319481080{padding-top: 50px !important;border-color: rgba(0,0,0,0.06) !important;}&#8221; animation_type=&#8221;fadeInUp&#8221; conditional_render=&#8221;%5B%7B%22value_role%22%3A%22administrator%22%7D%5D&#8221; css_params=&#8221;&#8221;][vc_column conditional_render=&#8221;%5B%7B%22value_role%22%3A%22administrator%22%7D%5D&#8221;][vc_custom_heading text=&#8221;Unsere Arbeitsgruppen&#8221; font_container=&#8221;tag:h4|font_size:1.2em|text_align:center|line_height:42px&#8221; use_theme_fonts=&#8221;yes&#8221; css=&#8221;.vc_custom_1753344559452{margin-bottom: -1px !important;}&#8221; text_transform=&#8221;text-uppercase&#8221; font_weight=&#8221;600&#8243; skin=&#8221;primary&#8221; css_params=&#8221;&#8221;][vc_row_inner wrap_container=&#8221;yes&#8221; el_class=&#8221;mb-0&#8243; css_params=&#8221;&#8221;][vc_column_inner width=&#8221;1\/3&#8243;][\/vc_column_inner][vc_column_inner width=&#8221;1\/3&#8243;][\/vc_column_inner][vc_column_inner width=&#8221;1\/3&#8243;][\/vc_column_inner][\/vc_row_inner][vc_row_inner wrap_container=&#8221;yes&#8221; el_class=&#8221;mb-0&#8243; css_params=&#8221;&#8221;][vc_column_inner width=&#8221;1\/3&#8243;][\/vc_column_inner][vc_column_inner width=&#8221;1\/3&#8243;][\/vc_column_inner][vc_column_inner width=&#8221;1\/3&#8243;][\/vc_column_inner][\/vc_row_inner][\/vc_column][\/vc_row][vc_row wrap_container=&#8221;yes&#8221; conditional_render=&#8221;%5B%7B%22value_role%22%3A%22administrator%22%7D%5D&#8221; css_params=&#8221;&#8221; el_class=&#8221;mb-0&#8243; css=&#8221;.vc_custom_1753353937876{padding-top: 25px !important;}&#8221;][vc_column][\/vc_column][\/vc_row]\" \/>\n<meta property=\"og:url\" content=\"https:\/\/www.coptis.ch\/nos-groupes-de-travail\/\" \/>\n<meta property=\"og:site_name\" content=\"COPTIS\" \/>\n<meta property=\"article:modified_time\" content=\"2025-09-11T07:28:06+00:00\" \/>\n<meta name=\"twitter:card\" content=\"summary_large_image\" \/>\n<meta name=\"twitter:label1\" content=\"Gesch\u00e4tzte Lesezeit\" \/>\n\t<meta name=\"twitter:data1\" content=\"4\u00a0Minuten\" \/>\n<script type=\"application\/ld+json\" class=\"yoast-schema-graph\">{\"@context\":\"https:\/\/schema.org\",\"@graph\":[{\"@type\":\"WebPage\",\"@id\":\"https:\/\/www.coptis.ch\/nos-groupes-de-travail\/\",\"url\":\"https:\/\/www.coptis.ch\/nos-groupes-de-travail\/\",\"name\":\"Unsere Arbeitsgruppen - COPTIS\",\"isPartOf\":{\"@id\":\"https:\/\/www.coptis.ch\/#website\"},\"datePublished\":\"2025-07-23T12:32:17+00:00\",\"dateModified\":\"2025-09-11T07:28:06+00:00\",\"breadcrumb\":{\"@id\":\"https:\/\/www.coptis.ch\/nos-groupes-de-travail\/#breadcrumb\"},\"inLanguage\":\"de\",\"potentialAction\":[{\"@type\":\"ReadAction\",\"target\":[\"https:\/\/www.coptis.ch\/nos-groupes-de-travail\/\"]}]},{\"@type\":\"BreadcrumbList\",\"@id\":\"https:\/\/www.coptis.ch\/nos-groupes-de-travail\/#breadcrumb\",\"itemListElement\":[{\"@type\":\"ListItem\",\"position\":1,\"name\":\"Accueil\",\"item\":\"https:\/\/www.coptis.ch\/de\/\"},{\"@type\":\"ListItem\",\"position\":2,\"name\":\"Unsere Arbeitsgruppen\"}]},{\"@type\":\"WebSite\",\"@id\":\"https:\/\/www.coptis.ch\/#website\",\"url\":\"https:\/\/www.coptis.ch\/\",\"name\":\"COPTIS\",\"description\":\"Association suisse des professionnels en titrisation immobili\u00e8re\",\"potentialAction\":[{\"@type\":\"SearchAction\",\"target\":{\"@type\":\"EntryPoint\",\"urlTemplate\":\"https:\/\/www.coptis.ch\/?s={search_term_string}\"},\"query-input\":{\"@type\":\"PropertyValueSpecification\",\"valueRequired\":true,\"valueName\":\"search_term_string\"}}],\"inLanguage\":\"de\"}]}<\/script>\n<!-- \/ Yoast SEO plugin. -->","yoast_head_json":{"title":"Unsere Arbeitsgruppen - COPTIS","robots":{"index":"index","follow":"follow","max-snippet":"max-snippet:-1","max-image-preview":"max-image-preview:large","max-video-preview":"max-video-preview:-1"},"canonical":"https:\/\/www.coptis.ch\/nos-groupes-de-travail\/","og_locale":"de_DE","og_type":"article","og_title":"Unsere Arbeitsgruppen - COPTIS","og_description":"[vc_row wrap_container=&#8221;yes&#8221; no_padding=&#8221;yes&#8221; animation_delay=&#8221;100&#8243; css=&#8221;.vc_custom_1757319481080{padding-top: 50px !important;border-color: rgba(0,0,0,0.06) !important;}&#8221; animation_type=&#8221;fadeInUp&#8221; conditional_render=&#8221;%5B%7B%22value_role%22%3A%22administrator%22%7D%5D&#8221; css_params=&#8221;&#8221;][vc_column conditional_render=&#8221;%5B%7B%22value_role%22%3A%22administrator%22%7D%5D&#8221;][vc_custom_heading text=&#8221;Unsere Arbeitsgruppen&#8221; font_container=&#8221;tag:h4|font_size:1.2em|text_align:center|line_height:42px&#8221; use_theme_fonts=&#8221;yes&#8221; css=&#8221;.vc_custom_1753344559452{margin-bottom: -1px !important;}&#8221; text_transform=&#8221;text-uppercase&#8221; font_weight=&#8221;600&#8243; skin=&#8221;primary&#8221; css_params=&#8221;&#8221;][vc_row_inner wrap_container=&#8221;yes&#8221; el_class=&#8221;mb-0&#8243; css_params=&#8221;&#8221;][vc_column_inner width=&#8221;1\/3&#8243;][\/vc_column_inner][vc_column_inner width=&#8221;1\/3&#8243;][\/vc_column_inner][vc_column_inner width=&#8221;1\/3&#8243;][\/vc_column_inner][\/vc_row_inner][vc_row_inner wrap_container=&#8221;yes&#8221; el_class=&#8221;mb-0&#8243; css_params=&#8221;&#8221;][vc_column_inner width=&#8221;1\/3&#8243;][\/vc_column_inner][vc_column_inner width=&#8221;1\/3&#8243;][\/vc_column_inner][vc_column_inner width=&#8221;1\/3&#8243;][\/vc_column_inner][\/vc_row_inner][\/vc_column][\/vc_row][vc_row wrap_container=&#8221;yes&#8221; conditional_render=&#8221;%5B%7B%22value_role%22%3A%22administrator%22%7D%5D&#8221; css_params=&#8221;&#8221; el_class=&#8221;mb-0&#8243; css=&#8221;.vc_custom_1753353937876{padding-top: 25px !important;}&#8221;][vc_column][\/vc_column][\/vc_row]","og_url":"https:\/\/www.coptis.ch\/nos-groupes-de-travail\/","og_site_name":"COPTIS","article_modified_time":"2025-09-11T07:28:06+00:00","twitter_card":"summary_large_image","twitter_misc":{"Gesch\u00e4tzte Lesezeit":"4\u00a0Minuten"},"schema":{"@context":"https:\/\/schema.org","@graph":[{"@type":"WebPage","@id":"https:\/\/www.coptis.ch\/nos-groupes-de-travail\/","url":"https:\/\/www.coptis.ch\/nos-groupes-de-travail\/","name":"Unsere Arbeitsgruppen - COPTIS","isPartOf":{"@id":"https:\/\/www.coptis.ch\/#website"},"datePublished":"2025-07-23T12:32:17+00:00","dateModified":"2025-09-11T07:28:06+00:00","breadcrumb":{"@id":"https:\/\/www.coptis.ch\/nos-groupes-de-travail\/#breadcrumb"},"inLanguage":"de","potentialAction":[{"@type":"ReadAction","target":["https:\/\/www.coptis.ch\/nos-groupes-de-travail\/"]}]},{"@type":"BreadcrumbList","@id":"https:\/\/www.coptis.ch\/nos-groupes-de-travail\/#breadcrumb","itemListElement":[{"@type":"ListItem","position":1,"name":"Accueil","item":"https:\/\/www.coptis.ch\/de\/"},{"@type":"ListItem","position":2,"name":"Unsere Arbeitsgruppen"}]},{"@type":"WebSite","@id":"https:\/\/www.coptis.ch\/#website","url":"https:\/\/www.coptis.ch\/","name":"COPTIS","description":"Association suisse des professionnels en titrisation immobili\u00e8re","potentialAction":[{"@type":"SearchAction","target":{"@type":"EntryPoint","urlTemplate":"https:\/\/www.coptis.ch\/?s={search_term_string}"},"query-input":{"@type":"PropertyValueSpecification","valueRequired":true,"valueName":"search_term_string"}}],"inLanguage":"de"}]}},"_links":{"self":[{"href":"https:\/\/www.coptis.ch\/de\/wp-json\/wp\/v2\/pages\/6725","targetHints":{"allow":["GET"]}}],"collection":[{"href":"https:\/\/www.coptis.ch\/de\/wp-json\/wp\/v2\/pages"}],"about":[{"href":"https:\/\/www.coptis.ch\/de\/wp-json\/wp\/v2\/types\/page"}],"author":[{"embeddable":true,"href":"https:\/\/www.coptis.ch\/de\/wp-json\/wp\/v2\/users\/1"}],"replies":[{"embeddable":true,"href":"https:\/\/www.coptis.ch\/de\/wp-json\/wp\/v2\/comments?post=6725"}],"version-history":[{"count":7,"href":"https:\/\/www.coptis.ch\/de\/wp-json\/wp\/v2\/pages\/6725\/revisions"}],"predecessor-version":[{"id":7199,"href":"https:\/\/www.coptis.ch\/de\/wp-json\/wp\/v2\/pages\/6725\/revisions\/7199"}],"wp:attachment":[{"href":"https:\/\/www.coptis.ch\/de\/wp-json\/wp\/v2\/media?parent=6725"}],"curies":[{"name":"wp","href":"https:\/\/api.w.org\/{rel}","templated":true}]}}