{"id":6748,"date":"2025-07-25T13:22:27","date_gmt":"2025-07-25T11:22:27","guid":{"rendered":"https:\/\/www.coptis.ch\/warum-mitglied-werden\/"},"modified":"2025-09-05T17:43:43","modified_gmt":"2025-09-05T15:43:43","slug":"warum-mitglied-werden","status":"publish","type":"page","link":"https:\/\/www.coptis.ch\/de\/warum-mitglied-werden\/","title":{"rendered":"Warum Mitglied werden?"},"content":{"rendered":"<div class=\"wpb-content-wrapper\"><p>[vc_row wrap_container=&#8221;yes&#8221; el_class=&#8221;mt-3 mb-3 py-3&#8243; conditional_render=&#8221;%5B%7B%22value_role%22%3A%22administrator%22%7D%5D&#8221; css_params=&#8221;&#8221; css=&#8221;.vc_custom_1753353812418{padding-top: 25px !important;}&#8221;][vc_column][vc_custom_heading text=&#8221;Warum dem Verband beitreten?&#8221; font_container=&#8221;tag:h2|font_size:2.75em|text_align:center|color:var(&#8211;porto-dark-color)|line_height:42px&#8221; use_theme_fonts=&#8221;yes&#8221; font_weight=&#8221;600&#8243; animation_delay=&#8221;400&#8243; el_class=&#8221;mb-3 font-style-normal&#8221; animation_type=&#8221;fadeInUp&#8221; css_params=&#8221;&#8221;][vc_column_text css=&#8221;&#8221; css_params=&#8221;&#8221;]<\/p>\n<p style=\"text-align: center;\"><strong>Eine Mitgliedschaft bei COPTIS bietet Ihnen Zugang zu einem Netzwerk von spezialisiertem Fachwissen in der Schweizer Immobilienverbriefung sowie zu einer hochwertigen regulatorischen \u00dcberwachung der rechtlichen Entwicklungen in der Branche.<\/strong><br \/>\nSie beteiligen sich an der kollektiven F\u00f6rderung des Schweizer Standorts und spielen eine aktive Rolle bei der Beeinflussung des regulatorischen Rahmens, indem Sie Ihre Interessen geeint verteidigen. Der Verband f\u00f6rdert zudem die Professionalit\u00e4t des Sektors und bietet \u00fcber Arbeitsgruppen und etablierte Partnerschaften privilegierte Austauschm\u00f6glichkeiten mit anderen Akteuren der Wertsch\u00f6pfungskette. <\/p>\n<p>[\/vc_column_text][vc_row_inner gap=&#8221;20&#8243; el_class=&#8221;proud-card-boxes&#8221;][vc_column_inner el_class=&#8221;mb-4&#8243; width=&#8221;1\/2&#8243; offset=&#8221;vc_col-md-4&#8243;]<div class=\"porto-ultimate-content-box-container \"><style>.porto_ucb_b0572038ed623d75079aebad6cf9ef13{will-change: box-shadow;box-shadow:0px 0px 31px -5px rgba(0,0,0,0.14);}.porto_ucb_b0572038ed623d75079aebad6cf9ef13:hover{box-shadow:0px 0px 31px -5px rgba(0,0,0,0.14)}<\/style><div class=\"porto-ultimate-content-box porto_ucb_b0572038ed623d75079aebad6cf9ef13\" style=\"\"><div class=\"porto-sicon-box  vc_custom_1753358378607 mb-0 px-4 text-center  wpb_custom_6e8eb8a150954d5a2409715c12795980 style_1 default-icon flex-wrap\"><div class=\"porto-sicon-header\" style=\"margin-bottom:8px;\"><h4 class=\"porto-sicon-title\" style=\"margin-bottom:1px;\">Ein Pool von Spitzenexpertise<\/h4><\/div> <!-- header --><div class=\"porto-sicon-description\" style=\"line-height:26px;\">Zugang zu einem Pool von Spitzenexpertise in den verschiedenen Bereichen der Immobilienverbriefung in der Schweiz.<\/div> <!-- description --><\/div><!-- porto-sicon-box --><\/div><\/div>[\/vc_column_inner][vc_column_inner el_class=&#8221;mb-4&#8243; width=&#8221;1\/2&#8243; offset=&#8221;vc_col-md-4&#8243;]<div class=\"porto-ultimate-content-box-container \"><style>.porto_ucb_b0572038ed623d75079aebad6cf9ef13{will-change: box-shadow;box-shadow:0px 0px 31px -5px rgba(0,0,0,0.14);}.porto_ucb_b0572038ed623d75079aebad6cf9ef13:hover{box-shadow:0px 0px 31px -5px rgba(0,0,0,0.14)}<\/style><div class=\"porto-ultimate-content-box porto_ucb_b0572038ed623d75079aebad6cf9ef13\" style=\"\"><div class=\"porto-sicon-box  vc_custom_1753358391163 mb-0 px-4 text-center  wpb_custom_6e8eb8a150954d5a2409715c12795980 style_1 default-icon flex-wrap\"><div class=\"porto-sicon-header\" style=\"margin-bottom:8px;\"><h4 class=\"porto-sicon-title\" style=\"margin-bottom:1px;\">Eine F\u00f6rderung des Schweizer Standorts<\/h4><\/div> <!-- header --><div class=\"porto-sicon-description\" style=\"line-height:26px;\">Von der F\u00f6rderung des Schweizer Standorts f\u00fcr kollektive Immobilienanlagen profitieren<\/div> <!-- description --><\/div><!-- porto-sicon-box --><\/div><\/div>[\/vc_column_inner][vc_column_inner el_class=&#8221;mb-4&#8243; width=&#8221;1\/2&#8243; offset=&#8221;vc_col-md-4&#8243;]<div class=\"porto-ultimate-content-box-container \"><style>.porto_ucb_b0572038ed623d75079aebad6cf9ef13{will-change: box-shadow;box-shadow:0px 0px 31px -5px rgba(0,0,0,0.14);}.porto_ucb_b0572038ed623d75079aebad6cf9ef13:hover{box-shadow:0px 0px 31px -5px rgba(0,0,0,0.14)}<\/style><div class=\"porto-ultimate-content-box porto_ucb_b0572038ed623d75079aebad6cf9ef13\" style=\"\"><div class=\"porto-sicon-box  vc_custom_1753358404861 mb-0 px-4 text-center  wpb_custom_6e8eb8a150954d5a2409715c12795980 style_1 default-icon flex-wrap\"><div class=\"porto-sicon-header\" style=\"margin-bottom:8px;\"><h4 class=\"porto-sicon-title\" style=\"margin-bottom:1px;\">Pr\u00e4zise Informationen \u00fcber die Regulierung<\/h4><\/div> <!-- header --><div class=\"porto-sicon-description\" style=\"line-height:26px;\">Pr\u00e4zise Informationen \u00fcber die Regulierung und ihre Entwicklungen erhalten<\/div> <!-- description --><\/div><!-- porto-sicon-box --><\/div><\/div>[\/vc_column_inner][\/vc_row_inner][vc_row_inner gap=&#8221;20&#8243; el_class=&#8221;proud-card-boxes&#8221;][vc_column_inner el_class=&#8221;mb-4&#8243; width=&#8221;1\/4&#8243; offset=&#8221;vc_col-md-4&#8243;]<div class=\"porto-ultimate-content-box-container \"><style>.porto_ucb_b0572038ed623d75079aebad6cf9ef13{will-change: box-shadow;box-shadow:0px 0px 31px -5px rgba(0,0,0,0.14);}.porto_ucb_b0572038ed623d75079aebad6cf9ef13:hover{box-shadow:0px 0px 31px -5px rgba(0,0,0,0.14)}<\/style><div class=\"porto-ultimate-content-box porto_ucb_b0572038ed623d75079aebad6cf9ef13\" style=\"\"><div class=\"porto-sicon-box  vc_custom_1753358417276 mb-0 px-4 text-center  wpb_custom_6e8eb8a150954d5a2409715c12795980 style_1 default-icon flex-wrap\"><div class=\"porto-sicon-header\" style=\"margin-bottom:8px;\"><h4 class=\"porto-sicon-title\" style=\"margin-bottom:1px;\">Proaktive und geeinte Einflussnahme<\/h4><\/div> <!-- header --><div class=\"porto-sicon-description\" style=\"line-height:26px;\">Proaktive und geeinte Einflussnahme auf den regulatorischen Rahmen und die Bedingungen der Immobilienwertpapierbranche<\/div> <!-- description --><\/div><!-- porto-sicon-box --><\/div><\/div>[\/vc_column_inner][vc_column_inner el_class=&#8221;mb-4&#8243; width=&#8221;1\/4&#8243; offset=&#8221;vc_col-md-4&#8243;]<div class=\"porto-ultimate-content-box-container \"><style>.porto_ucb_b0572038ed623d75079aebad6cf9ef13{will-change: box-shadow;box-shadow:0px 0px 31px -5px rgba(0,0,0,0.14);}.porto_ucb_b0572038ed623d75079aebad6cf9ef13:hover{box-shadow:0px 0px 31px -5px rgba(0,0,0,0.14)}<\/style><div class=\"porto-ultimate-content-box porto_ucb_b0572038ed623d75079aebad6cf9ef13\" style=\"\"><div class=\"porto-sicon-box  vc_custom_1753358430214 mb-0 px-4 text-center  wpb_custom_6e8eb8a150954d5a2409715c12795980 style_1 default-icon flex-wrap\"><div class=\"porto-sicon-header\" style=\"margin-bottom:8px;\"><h4 class=\"porto-sicon-title\" style=\"margin-bottom:1px;\">Gemeinsame Verteidigung unserer spezifischen Interessen<\/h4><\/div> <!-- header --><div class=\"porto-sicon-description\" style=\"line-height:26px;\">Von der gemeinsamen Verteidigung unserer spezifischen Interessen als Fachleute f\u00fcr Immobilienverbriefung profitieren<\/div> <!-- description --><\/div><!-- porto-sicon-box --><\/div><\/div>[\/vc_column_inner][vc_column_inner el_class=&#8221;mb-4&#8243; width=&#8221;1\/4&#8243; offset=&#8221;vc_col-md-4&#8243;]<div class=\"porto-ultimate-content-box-container \"><style>.porto_ucb_b0572038ed623d75079aebad6cf9ef13{will-change: box-shadow;box-shadow:0px 0px 31px -5px rgba(0,0,0,0.14);}.porto_ucb_b0572038ed623d75079aebad6cf9ef13:hover{box-shadow:0px 0px 31px -5px rgba(0,0,0,0.14)}<\/style><div class=\"porto-ultimate-content-box porto_ucb_b0572038ed623d75079aebad6cf9ef13\" style=\"\"><div class=\"porto-sicon-box  vc_custom_1753358441745 mb-0 px-4 text-center  wpb_custom_6e8eb8a150954d5a2409715c12795980 style_1 default-icon flex-wrap\"><div class=\"porto-sicon-header\" style=\"margin-bottom:8px;\"><h4 class=\"porto-sicon-title\" style=\"margin-bottom:1px;\">F\u00f6rderung, Trendverfolgung<\/h4><\/div> <!-- header --><div class=\"porto-sicon-description\" style=\"line-height:26px;\">F\u00f6rderung eines erh\u00f6hten Professionalisierungsgrades f\u00fcr die Branche und Verfolgung von Branchentrends<\/div> <!-- description --><\/div><!-- porto-sicon-box --><\/div><\/div>[\/vc_column_inner][\/vc_row_inner][vc_row_inner wrap_container=&#8221;yes&#8221; gap=&#8221;20&#8243; el_class=&#8221;proud-card-boxes&#8221; css_params=&#8221;&#8221;][vc_column_inner el_class=&#8221;mb-4&#8243; offset=&#8221;vc_col-md-4&#8243;]<div class=\"porto-ultimate-content-box-container \"><style>.porto_ucb_b0572038ed623d75079aebad6cf9ef13{will-change: box-shadow;box-shadow:0px 0px 31px -5px rgba(0,0,0,0.14);}.porto_ucb_b0572038ed623d75079aebad6cf9ef13:hover{box-shadow:0px 0px 31px -5px rgba(0,0,0,0.14)}<\/style><div class=\"porto-ultimate-content-box porto_ucb_b0572038ed623d75079aebad6cf9ef13\" style=\"\"><div class=\"porto-sicon-box  vc_custom_1753358454628 mb-0 px-4 text-center  wpb_custom_6e8eb8a150954d5a2409715c12795980 style_1 default-icon flex-wrap\"><div class=\"porto-sicon-header\" style=\"margin-bottom:8px;\"><h4 class=\"porto-sicon-title\" style=\"margin-bottom:1px;\">Privilegierter Austausch mit qualifizierten Fachleuten<\/h4><\/div> <!-- header --><div class=\"porto-sicon-description\" style=\"line-height:26px;\">F\u00fchren eines privilegierten Austauschs mit qualifizierten Fachleuten aus der gesamten Wertsch\u00f6pfungskette der Immobilienverbriefung<\/div> <!-- description --><\/div><!-- porto-sicon-box --><\/div><\/div>[\/vc_column_inner][\/vc_row_inner][\/vc_column][\/vc_row][vc_row wrap_container=&#8221;yes&#8221; conditional_render=&#8221;%5B%7B%22value_role%22%3A%22administrator%22%7D%5D&#8221; css_params=&#8221;&#8221;][vc_column]<div class=\"porto-block\" data-id=\"6926\"><style>.vc_custom_1753359058465{padding-top: 25px !important;padding-bottom: 25px !important;background-color: #d62040 !important;}.vc_custom_1753256345372{margin-bottom: 1px !important;}.porto-sicon-box.wpb_custom_a4802976ddc90dd45e8cea536ff68ec0 .porto-icon, .porto-sicon-box.wpb_custom_a4802976ddc90dd45e8cea536ff68ec0 .porto-sicon-img{margin-top:-5px; margin-right:12px;}.porto-sicon-box.wpb_custom_2ccbe3e616e3e99d1ad178e76088c729 .porto-icon, .porto-sicon-box.wpb_custom_2ccbe3e616e3e99d1ad178e76088c729 .porto-sicon-img{margin-top:3px; margin-right:12px;}.wpb_custom_a4802976ddc90dd45e8cea536ff68ec0 .porto-sicon-title{color: #ffffff;transition: color .3s;}.wpb_custom_a4802976ddc90dd45e8cea536ff68ec0 .porto-sicon-title:hover{color: rgba(255,255,255,0.85);}.wpb_custom_a4802976ddc90dd45e8cea536ff68ec0.porto-sicon-mobile{--porto-infobox-mpos-align: center;}.wpb_custom_2ccbe3e616e3e99d1ad178e76088c729 .porto-sicon-title{color: #ffffff;transition: color .3s;}.wpb_custom_2ccbe3e616e3e99d1ad178e76088c729 .porto-sicon-title:hover{color: rgba(255,255,255,0.85);}.wpb_custom_2ccbe3e616e3e99d1ad178e76088c729.porto-sicon-mobile{--porto-infobox-mpos-align: center;}<\/style>[vc_row full_width=\"stretch_row\" content_placement=\"middle\" animation_delay=\"\" css=\".vc_custom_1753359058465{padding-top: 25px !important;padding-bottom: 25px !important;background-color: #d62040 !important;}\" conditional_render=\"%5B%7B%22value_role%22%3A%22administrator%22%7D%5D\" css_params=\"\"][vc_column offset=\"vc_col-lg-6\" el_class=\"mb-5 mb-xl-0\"][vc_custom_heading text=\"M\u00f6chten Sie dem f\u00fchrenden Netzwerk von Experten in\" font_container=\"tag:h4|font_size:1.2em|text_align:center|color:rgba(255%2C255%2C255%2C0.9)|line_height:24px\" use_theme_fonts=\"yes\" font_weight=\"600\" letter_spacing=\"-0.05em\" animation_delay=\"500\" el_class=\"opacity-9 mb-1\" animation_type=\"lightSpeedIn\" css_params=\"\"][vc_custom_heading text=\"Immobilienverbriefung in der Schweiz?\" font_container=\"tag:h2|font_size:2em|text_align:center|line_height:1.25em\" use_theme_fonts=\"yes\" font_weight=\"700\" skin=\"light\" letter_spacing=\"-1px\" animation_delay=\"750\" el_class=\"mb-2 font-style-normal\" animation_type=\"lightSpeedIn\" css_params=\"\"][\/vc_column][vc_column animation_delay=\"1600\" el_class=\"mb-5 mb-xl-0 order-lg-first\" offset=\"vc_col-lg-3\" animation_type=\"fadeInRight\" conditional_render=\"%5B%7B%22value_role%22%3A%22administrator%22%7D%5D\"]<div class=\"porto-sicon-box  vc_custom_1753256345372 top-n1-icon-box mb-3 justify-content-center justify-content-xl-start  wpb_custom_a4802976ddc90dd45e8cea536ff68ec0 style_1 default-icon\"><div class=\"porto-sicon-default\"><div class=\"porto-just-icon-wrapper porto-icon none\" style=\"color:var(--porto-light-color);font-size:23.1px;\"><i class=\"Simple-Line-Icons-phone\"><\/i><\/div><\/div><div class=\"porto-sicon-header\"><a class=\"porto-sicon-box-link\" href=\"tel:+41%2044%20521%2099%2050\"><div class=\"porto-sicon-title\" style=\"font-weight:700;font-size:21px;color:#ffffff;line-height:24px;letter-spacing:0;\">+41 44 521 99 50<\/div><\/a><\/div> <!-- header --><\/div><!-- porto-sicon-box --><div class=\"porto-sicon-box top-2-icon-box mb-0 justify-content-center justify-content-xl-start  wpb_custom_2ccbe3e616e3e99d1ad178e76088c729 style_1 default-icon\"><div class=\"porto-sicon-default\"><div class=\"porto-just-icon-wrapper porto-icon none\" style=\"color:var(--porto-light-color);font-size:25.2px;\"><i class=\"Simple-Line-Icons-envelope\"><\/i><\/div><\/div><div class=\"porto-sicon-header\"><a class=\"porto-sicon-box-link\" href=\"mailto:info@coptis.ch\"><div class=\"porto-sicon-title\" style=\"font-size:16.8px;color:#ffffff;line-height:24px;letter-spacing:0;\">info@coptis.ch<\/div><\/a><\/div> <!-- header --><\/div><!-- porto-sicon-box -->[\/vc_column][vc_column animation_delay=\"1600\" offset=\"vc_col-lg-3\" el_class=\"text-center text-xl-end\" animation_type=\"fadeInLeft\"][vc_btn title=\"Anmelden, um Mitglied zu werden\" style=\"outline\" align=\"center\" skin=\"light\" css_params=\"\" el_class=\"mb-0\" link=\"url:https%3A%2F%2Fwww.coptis.ch%2Fde%2Fregistrieren%2F|\"][\/vc_column][\/vc_row]<\/div>[\/vc_column][\/vc_row][vc_row wrap_container=&#8221;yes&#8221; no_padding=&#8221;yes&#8221; conditional_render=&#8221;%5B%7B%22value_role%22%3A%22administrator%22%7D%5D&#8221; css_params=&#8221;&#8221; css=&#8221;.vc_custom_1753345333238{padding-top: 50px !important;padding-bottom: 50px !important;background-color: #ebebeb !important;}&#8221;][vc_column][vc_custom_heading text=&#8221;Unsere Arbeitsgruppen&#8221; font_container=&#8221;tag:h4|font_size:1.2em|text_align:center|line_height:42px&#8221; use_theme_fonts=&#8221;yes&#8221; css=&#8221;.vc_custom_1753344559452{margin-bottom: -1px !important;}&#8221; text_transform=&#8221;text-uppercase&#8221; font_weight=&#8221;600&#8243; skin=&#8221;primary&#8221; css_params=&#8221;&#8221;]<div class=\"porto-u-heading mb-4  wpb_custom_c0d06cfdebbed22398da3d8103101198 porto-u-55ca8359258f9a412be7e73af65d2aac \"><div class=\"porto-u-main-heading\"><h2   style=\"margin-bottom: 10px;\">Um den aktuellen Herausforderungen zu begegnen, mit denen die Immobilienverbriefungsbranche konfrontiert ist, treffen sich die verschiedenen COPTIS-Arbeitsgruppen mehrmals pro Jahr.<\/h2><\/div><div class=\"porto-u-sub-heading\" style=\"\">Im Rahmen dieser Sitzungen haben die Fachleute der Mitgliedsunternehmen die M\u00f6glichkeit, sich zu informieren und auszutauschen. Anschlie\u00dfend werden ihre Erfahrungen, Schlussfolgerungen oder Empfehlungen allen Mitgliedern mittels Newslettern, praktischen Leitf\u00e4den oder bei Diskussionsrunden mitgeteilt.<\/div><style>.porto-u-55ca8359258f9a412be7e73af65d2aac.porto-u-heading{text-align:center}<\/style><\/div><div class=\"porto-animation\"  data-appear-animation=\"fadeInUp\" data-appear-animation-delay=\"200\">[porto_tb_posts post_type=&#8221;groupes&#8221; view=&#8221;slider&#8221; spacing=&#8221;10&#8243; columns=&#8221;3&#8243; columns_tablet=&#8221;2&#8243; columns_mobile=&#8221;1&#8243; image_size=&#8221;related-post&#8221; nav_pos2=&#8221;nav-pos-outside&#8221; nav_visible=&#8221;{&#8220;xl&#8220;:&#8220;block&#8220;}&#8221; set_loop=&#8221;yes&#8221; builder_id=&#8221;842&#8243; count=&#8221;12&#8243; css_params=&#8221;&#8221;]<\/div>[\/vc_column][\/vc_row]<\/p>\n<\/div>","protected":false},"excerpt":{"rendered":"<p>[vc_row wrap_container=&#8221;yes&#8221; el_class=&#8221;mt-3 mb-3 py-3&#8243; conditional_render=&#8221;%5B%7B%22value_role%22%3A%22administrator%22%7D%5D&#8221; css_params=&#8221;&#8221; css=&#8221;.vc_custom_1753353812418{padding-top: 25px !important;}&#8221;][vc_column][vc_custom_heading text=&#8221;Warum dem Verband beitreten?&#8221; font_container=&#8221;tag:h2|font_size:2.75em|text_align:center|color:var(&#8211;porto-dark-color)|line_height:42px&#8221; use_theme_fonts=&#8221;yes&#8221; font_weight=&#8221;600&#8243; animation_delay=&#8221;400&#8243; el_class=&#8221;mb-3 font-style-normal&#8221; animation_type=&#8221;fadeInUp&#8221; css_params=&#8221;&#8221;][vc_column_text css=&#8221;&#8221; css_params=&#8221;&#8221;] Eine Mitgliedschaft bei COPTIS bietet Ihnen Zugang zu einem Netzwerk von spezialisiertem Fachwissen in der Schweizer Immobilienverbriefung sowie zu einer hochwertigen regulatorischen \u00dcberwachung der rechtlichen Entwicklungen in der Branche. Sie beteiligen [&hellip;]<\/p>\n","protected":false},"author":1,"featured_media":0,"parent":0,"menu_order":0,"comment_status":"closed","ping_status":"closed","template":"","meta":{"_acf_changed":false,"footnotes":""},"class_list":["post-6748","page","type-page","status-publish","hentry"],"acf":[],"yoast_head":"<!-- This site is optimized with the Yoast SEO plugin v26.3 - https:\/\/yoast.com\/wordpress\/plugins\/seo\/ -->\n<title>Warum Mitglied werden? - COPTIS<\/title>\n<meta name=\"robots\" content=\"index, follow, max-snippet:-1, max-image-preview:large, max-video-preview:-1\" \/>\n<link rel=\"canonical\" href=\"https:\/\/www.coptis.ch\/pourquoi-devenir-membre\/\" \/>\n<meta property=\"og:locale\" content=\"de_DE\" \/>\n<meta property=\"og:type\" content=\"article\" \/>\n<meta property=\"og:title\" content=\"Warum Mitglied werden? - COPTIS\" \/>\n<meta property=\"og:description\" content=\"[vc_row wrap_container=&#8221;yes&#8221; el_class=&#8221;mt-3 mb-3 py-3&#8243; conditional_render=&#8221;%5B%7B%22value_role%22%3A%22administrator%22%7D%5D&#8221; css_params=&#8221;&#8221; css=&#8221;.vc_custom_1753353812418{padding-top: 25px !important;}&#8221;][vc_column][vc_custom_heading text=&#8221;Warum dem Verband beitreten?&#8221; font_container=&#8221;tag:h2|font_size:2.75em|text_align:center|color:var(&#8211;porto-dark-color)|line_height:42px&#8221; use_theme_fonts=&#8221;yes&#8221; font_weight=&#8221;600&#8243; animation_delay=&#8221;400&#8243; el_class=&#8221;mb-3 font-style-normal&#8221; animation_type=&#8221;fadeInUp&#8221; css_params=&#8221;&#8221;][vc_column_text css=&#8221;&#8221; css_params=&#8221;&#8221;] Eine Mitgliedschaft bei COPTIS bietet Ihnen Zugang zu einem Netzwerk von spezialisiertem Fachwissen in der Schweizer Immobilienverbriefung sowie zu einer hochwertigen regulatorischen \u00dcberwachung der rechtlichen Entwicklungen in der Branche. Sie beteiligen [&hellip;]\" \/>\n<meta property=\"og:url\" content=\"https:\/\/www.coptis.ch\/pourquoi-devenir-membre\/\" \/>\n<meta property=\"og:site_name\" content=\"COPTIS\" \/>\n<meta property=\"article:modified_time\" content=\"2025-09-05T15:43:43+00:00\" \/>\n<meta name=\"twitter:card\" content=\"summary_large_image\" \/>\n<meta name=\"twitter:label1\" content=\"Gesch\u00e4tzte Lesezeit\" \/>\n\t<meta name=\"twitter:data1\" content=\"9\u00a0Minuten\" \/>\n<script type=\"application\/ld+json\" class=\"yoast-schema-graph\">{\"@context\":\"https:\/\/schema.org\",\"@graph\":[{\"@type\":\"WebPage\",\"@id\":\"https:\/\/www.coptis.ch\/pourquoi-devenir-membre\/\",\"url\":\"https:\/\/www.coptis.ch\/pourquoi-devenir-membre\/\",\"name\":\"Warum Mitglied werden? - COPTIS\",\"isPartOf\":{\"@id\":\"https:\/\/www.coptis.ch\/#website\"},\"datePublished\":\"2025-07-25T11:22:27+00:00\",\"dateModified\":\"2025-09-05T15:43:43+00:00\",\"breadcrumb\":{\"@id\":\"https:\/\/www.coptis.ch\/pourquoi-devenir-membre\/#breadcrumb\"},\"inLanguage\":\"de\",\"potentialAction\":[{\"@type\":\"ReadAction\",\"target\":[\"https:\/\/www.coptis.ch\/pourquoi-devenir-membre\/\"]}]},{\"@type\":\"BreadcrumbList\",\"@id\":\"https:\/\/www.coptis.ch\/pourquoi-devenir-membre\/#breadcrumb\",\"itemListElement\":[{\"@type\":\"ListItem\",\"position\":1,\"name\":\"Accueil\",\"item\":\"https:\/\/www.coptis.ch\/de\/\"},{\"@type\":\"ListItem\",\"position\":2,\"name\":\"Warum Mitglied werden?\"}]},{\"@type\":\"WebSite\",\"@id\":\"https:\/\/www.coptis.ch\/#website\",\"url\":\"https:\/\/www.coptis.ch\/\",\"name\":\"COPTIS\",\"description\":\"Association suisse des professionnels en titrisation immobili\u00e8re\",\"potentialAction\":[{\"@type\":\"SearchAction\",\"target\":{\"@type\":\"EntryPoint\",\"urlTemplate\":\"https:\/\/www.coptis.ch\/?s={search_term_string}\"},\"query-input\":{\"@type\":\"PropertyValueSpecification\",\"valueRequired\":true,\"valueName\":\"search_term_string\"}}],\"inLanguage\":\"de\"}]}<\/script>\n<!-- \/ Yoast SEO plugin. -->","yoast_head_json":{"title":"Warum Mitglied werden? - COPTIS","robots":{"index":"index","follow":"follow","max-snippet":"max-snippet:-1","max-image-preview":"max-image-preview:large","max-video-preview":"max-video-preview:-1"},"canonical":"https:\/\/www.coptis.ch\/pourquoi-devenir-membre\/","og_locale":"de_DE","og_type":"article","og_title":"Warum Mitglied werden? - COPTIS","og_description":"[vc_row wrap_container=&#8221;yes&#8221; el_class=&#8221;mt-3 mb-3 py-3&#8243; conditional_render=&#8221;%5B%7B%22value_role%22%3A%22administrator%22%7D%5D&#8221; css_params=&#8221;&#8221; css=&#8221;.vc_custom_1753353812418{padding-top: 25px !important;}&#8221;][vc_column][vc_custom_heading text=&#8221;Warum dem Verband beitreten?&#8221; font_container=&#8221;tag:h2|font_size:2.75em|text_align:center|color:var(&#8211;porto-dark-color)|line_height:42px&#8221; use_theme_fonts=&#8221;yes&#8221; font_weight=&#8221;600&#8243; animation_delay=&#8221;400&#8243; el_class=&#8221;mb-3 font-style-normal&#8221; animation_type=&#8221;fadeInUp&#8221; css_params=&#8221;&#8221;][vc_column_text css=&#8221;&#8221; css_params=&#8221;&#8221;] Eine Mitgliedschaft bei COPTIS bietet Ihnen Zugang zu einem Netzwerk von spezialisiertem Fachwissen in der Schweizer Immobilienverbriefung sowie zu einer hochwertigen regulatorischen \u00dcberwachung der rechtlichen Entwicklungen in der Branche. Sie beteiligen [&hellip;]","og_url":"https:\/\/www.coptis.ch\/pourquoi-devenir-membre\/","og_site_name":"COPTIS","article_modified_time":"2025-09-05T15:43:43+00:00","twitter_card":"summary_large_image","twitter_misc":{"Gesch\u00e4tzte Lesezeit":"9\u00a0Minuten"},"schema":{"@context":"https:\/\/schema.org","@graph":[{"@type":"WebPage","@id":"https:\/\/www.coptis.ch\/pourquoi-devenir-membre\/","url":"https:\/\/www.coptis.ch\/pourquoi-devenir-membre\/","name":"Warum Mitglied werden? - COPTIS","isPartOf":{"@id":"https:\/\/www.coptis.ch\/#website"},"datePublished":"2025-07-25T11:22:27+00:00","dateModified":"2025-09-05T15:43:43+00:00","breadcrumb":{"@id":"https:\/\/www.coptis.ch\/pourquoi-devenir-membre\/#breadcrumb"},"inLanguage":"de","potentialAction":[{"@type":"ReadAction","target":["https:\/\/www.coptis.ch\/pourquoi-devenir-membre\/"]}]},{"@type":"BreadcrumbList","@id":"https:\/\/www.coptis.ch\/pourquoi-devenir-membre\/#breadcrumb","itemListElement":[{"@type":"ListItem","position":1,"name":"Accueil","item":"https:\/\/www.coptis.ch\/de\/"},{"@type":"ListItem","position":2,"name":"Warum Mitglied werden?"}]},{"@type":"WebSite","@id":"https:\/\/www.coptis.ch\/#website","url":"https:\/\/www.coptis.ch\/","name":"COPTIS","description":"Association suisse des professionnels en titrisation immobili\u00e8re","potentialAction":[{"@type":"SearchAction","target":{"@type":"EntryPoint","urlTemplate":"https:\/\/www.coptis.ch\/?s={search_term_string}"},"query-input":{"@type":"PropertyValueSpecification","valueRequired":true,"valueName":"search_term_string"}}],"inLanguage":"de"}]}},"_links":{"self":[{"href":"https:\/\/www.coptis.ch\/de\/wp-json\/wp\/v2\/pages\/6748","targetHints":{"allow":["GET"]}}],"collection":[{"href":"https:\/\/www.coptis.ch\/de\/wp-json\/wp\/v2\/pages"}],"about":[{"href":"https:\/\/www.coptis.ch\/de\/wp-json\/wp\/v2\/types\/page"}],"author":[{"embeddable":true,"href":"https:\/\/www.coptis.ch\/de\/wp-json\/wp\/v2\/users\/1"}],"replies":[{"embeddable":true,"href":"https:\/\/www.coptis.ch\/de\/wp-json\/wp\/v2\/comments?post=6748"}],"version-history":[{"count":1,"href":"https:\/\/www.coptis.ch\/de\/wp-json\/wp\/v2\/pages\/6748\/revisions"}],"predecessor-version":[{"id":6753,"href":"https:\/\/www.coptis.ch\/de\/wp-json\/wp\/v2\/pages\/6748\/revisions\/6753"}],"wp:attachment":[{"href":"https:\/\/www.coptis.ch\/de\/wp-json\/wp\/v2\/media?parent=6748"}],"curies":[{"name":"wp","href":"https:\/\/api.w.org\/{rel}","templated":true}]}}