{"id":7150,"date":"2025-07-25T14:15:24","date_gmt":"2025-07-25T12:15:24","guid":{"rendered":"https:\/\/www.coptis.ch\/aufsichtsrechtliche-informationen\/"},"modified":"2025-09-10T13:40:45","modified_gmt":"2025-09-10T11:40:45","slug":"aufsichtsrechtliche-informationen","status":"publish","type":"page","link":"https:\/\/www.coptis.ch\/de\/aufsichtsrechtliche-informationen\/","title":{"rendered":"Aufsichtsrechtliche Informationen"},"content":{"rendered":"<div class=\"wpb-content-wrapper\"><p>[vc_row wrap_container=&#8221;yes&#8221; conditional_render=&#8221;%5B%7B%22value_role%22%3A%22administrator%22%7D%5D&#8221; css_params=&#8221;&#8221; css=&#8221;.vc_custom_1757504443839{padding-top: 50px !important;}&#8221;][vc_column][vc_column_text]Alle Personen, welche die auf der Website von COPTIS Verband Schweizerischer Immobilienverbriefung, www.cotpis.org (f\u00fcr ihren eigenen Gebrauch oder f\u00fcr Drittgebrauch) publizierten Informationen aufsuchen und ben\u00fctzen, erkl\u00e4ren sich \u2013 nachdem sie diese gelesen und verstanden haben \u2013 mit den folgenden Bestimmungen einverstanden:<\/p>\n<p><strong>Allgemeines<\/strong><\/p>\n<p>Die vorliegende Internetseite coptis.ch (\u201cCOPTIS Seite \u201c) wird vom Verband der Schweizerischen Immobilienverbriefung (\u201cCOPTIS\u201d) betrieben, ein Verband, welcher Sitz in der Schweiz hat.<\/p>\n<p><strong>Zweck<\/strong><\/p>\n<p>Die COPTIS Seite dient ausschliesslich der Information und der Informationsverbreitung.<\/p>\n<p>COPTIS achtet sorgf\u00e4ltig darauf, dass die Informationen im Zeitpunkt ihrer Ver\u00f6ffentlichung richtig sind. Allerdings k\u00f6nnen COPTIS und seine Dienstanbieter keine Gew\u00e4hr (inklusive Haftung gegen\u00fcber Dritten) f\u00fcr die Richtigkeit, Zuverl\u00e4ssigkeit und Vollst\u00e4ndigkeit und die Aktualit\u00e4t dieser ver\u00f6ffentlichten Informationen, Daten und Meinungen bieten. Die auf der COPTIS Seite ver\u00f6ffentlichten Informationen k\u00f6nnen jederzeit ohne Vorank\u00fcndigung ge\u00e4ndert werden. COPTIS garantiert weder ausdr\u00fccklich noch implizit die Exaktheit, bzw. Richtigkeit der Informationen und Ansichten auf ihrer Webpage, inklusive diejenigen seiner Mitglieder, den Providern und von Dritten.<\/p>\n<p><strong>Kein Angebot, kein Vertrag, keine Anlageberatung<\/strong><\/p>\n<p>Die auf der Webpage vorliegenden Informationen stellen weder eine Kaufs-, oder Verkaufsofferte von kollektiven Kapitalanlagen dar, noch eine Einladung zu anderen Transaktionen oder zum Abschluss von juristischen Gesch\u00e4ften, oder eine Empfehlung in diesem Sinne dar. Diese Informationen d\u00fcrfen auch nicht als Anlageberatung f\u00fcr Anleger verstanden werden.<\/p>\n<p>Insbesondere richtet sich die COPTIS Seite nicht an Personen, welche einem Gesetz oder einer Jurisdiktion unterstellt sind, welche den Zugang zur COPTIS Seite f\u00fcr irgendeinen Grund (Staatsangeh\u00f6rigkeit der betreffenden Person, Steuerdomizil oder andere Gr\u00fcnde) verbieten. Der Zugang zur COPTIS Seite ist verboten f\u00fcr Personen, welche solchen lokalen Restriktionen unterworfen sind.<\/p>\n<p><strong>Haftung<\/strong><\/p>\n<p>COPTIS kann in keinem Fall haftbar gemacht werden, auch nicht wegen Fahrl\u00e4ssigkeit, f\u00fcr Verlust oder Schaden jeglicher Natur \u2013 sowohl f\u00fcr direkten oder indirekten Schaden oder Folgeschaden \u2013 der durch den Zugriff oder die Ben\u00fctzung, Leistung oder Abruf dieser Internetseite oder in Zusammenhang mit solch einer Aktivit\u00e4t entsteht. Weder COPTIS, noch seine Mitglieder noch andere Vertragsparteien geben irgendwelche Garantien oder Zusicherungen betreffend den auf dieser Seite verf\u00fcgbaren Daten und Informationen, namentlich bez\u00fcglich ihrer Exaktheit, ihrer Aktualit\u00e4t und Vollst\u00e4ndigkeit, ihrer \u00dcbertragbarkeit, ihrem kommerziellen Gebrauch oder ihrer Tauglichkeit zu einem vorgesehenen Gebrauch.<\/p>\n<p>Im \u00dcbrigen weist COPTIS jegliche Haftung im Zusammenhang mit technischen Manipulationen der COPTIS Seite durch nicht berechtigte Personen von sich. COPTIS warnt ausdr\u00fccklich vor Virusgefahren und vor m\u00f6glichen gezielten Angriffen (Cyber Piraterie). Um die Viren zu bek\u00e4mpfen, wird empfohlen, die aktuellen Navigator Versionen zu ben\u00fctzen und eine Anti-Virus Software zu installieren und aktuell zu halten. Im Allgemeinen soll man keine E-Mails mit unbekanntem Absender oder mit unerwarteten Anh\u00e4ngen \u00f6ffnen.<\/p>\n<p><strong>N\u00fctzliche Links<\/strong><\/p>\n<p>Die COPTIS Seite beinhaltet Links, welche die Verkn\u00fcpfung zu anderen Seiten von Drittanbietern erm\u00f6glichen. Diese Links unterstehen keinem Einfluss von COPTIS. COPTIS hat diese Links nicht \u00fcberpr\u00fcft und weist jegliche Form von Haftung von sich, was die dort ver\u00f6ffentlichten Inhalte, Produkte und Dienstleistungen oder jegliche Art von anderen Angeboten anbelangt. Deshalb \u00fcbernimmt COPTIS keine Haftung f\u00fcr Korrektheit, Vollst\u00e4ndigkeit und Rechtm\u00e4ssigkeit des Inhaltes dieser Seiten und f\u00fcr alle Angebote und Dienstleistungen, welche sie beinhalten.<\/p>\n<p><strong>Eigentum, Urheberrechte<\/strong><\/p>\n<p>Die partielle oder vollst\u00e4ndige Wiedergabe in jeglicher Form (elektronisch oder schriftlich), ist bewilligt, sofern COPTIS erw\u00e4hnt wird. Die Urheberrechte, die Marken und weitere gesetzliche Schutzbezeichnungen k\u00f6nnen nicht ge\u00e4ndert oder abgeschafft werden. Die Wiedergabe oder der Gebrauch von einem Teil oder vom vollst\u00e4ndigen Inhalt zu \u00f6ffentlichem oder kommerziellen Gebrauch ben\u00f6tigen eine vorherige, schriftliche Zustimmung von COPTIS.<\/p>\n<p>Die Gesamtheit des Inhaltes der COPTIS Seite ist durch Urherberrechte von COPTIS, von seinen Mitgliedern oder Provider oder von Dritten, welche diese Informationen dem Provider von COPTIS zur Verf\u00fcgung stellen, gesch\u00fctzt. Der vollst\u00e4ndige oder teilweise Abruf, Wiedergabe, Speicherung und Ben\u00fctzung der auf der COPTIS Seite pr\u00e4sentierten Informationen ist nur zu pers\u00f6nlichen Zwecken und unter der Bedingung, die Copyright und andere rechtlich gesch\u00fctzte Bezeichnungen zu erw\u00e4hnen, bewilligt. Die Speicherung oder jegliche andere Form von Vervielf\u00e4ltigung der Daten der COPTIS Seite gilt als Anerkennung der betreffenden Benutzungsklausel. COPTIS, seine Mitglieder oder die Provider oder Dritte, welche diese Informationen den Ben\u00fctzern der COPTIS Seite zur Verf\u00fcgung stellen, bewahren alle Eigentumsrechte. Die (vollst\u00e4ndige oder teilweise) Wiedergabe, \u00dcbertragung, (elektronisch oder durch andere Mittel) \u00c4nderung , die Aufschaltung im Netz oder die Benutzung der COPTIS Seite zu \u00f6ffentlichen oder kommerziellen Zwecken ist ohne vorherige schriftliche Zustimmung von COPTIS verboten.<\/p>\n<p>Kein einziges Element der COPTIS Seite kann eine Lizenz oder ein Gebrauchsrecht eines Bildes, einer hinterlegten Marke, eines Logos oder einer Software gew\u00e4hren. Das Herunterladen oder das Kopieren der COPTIS Seite oder von Teilen dieser Seite verleiht kein Recht. COPTIS oder seine Mitglieder, welche Fondsinformationen oder Dokumente zur Verf\u00fcgung stellen, bewahren alle Rechte (namentlich Urheber- und Markenrechte) \u00fcber alle Elemente der COPTIS Seite und werden von ihren Rechten mit allen Mitteln und in vollem Umfang Gebrauch machen.<\/p>\n<p><strong>Passwortgesch\u00fctzte Dom\u00e4ne<\/strong><\/p>\n<p>COPTIS hat das Recht, den Zugang zur passwortgesch\u00fctzten Dom\u00e4ne zu blockieren, wenn sie Gr\u00fcnde hat zu glauben, dass der Ben\u00fctzer die in dieser Dom\u00e4ne angebotenen M\u00f6glichkeiten missbr\u00e4uchlicherweise ben\u00fctzt.[\/vc_column_text][\/vc_column][\/vc_row]<\/p>\n<\/div>","protected":false},"excerpt":{"rendered":"<p>[vc_row wrap_container=&#8221;yes&#8221; conditional_render=&#8221;%5B%7B%22value_role%22%3A%22administrator%22%7D%5D&#8221; css_params=&#8221;&#8221; css=&#8221;.vc_custom_1757504443839{padding-top: 50px !important;}&#8221;][vc_column][vc_column_text]Alle Personen, welche die auf der Website von COPTIS Verband Schweizerischer Immobilienverbriefung, www.cotpis.org (f\u00fcr ihren eigenen Gebrauch oder f\u00fcr Drittgebrauch) publizierten Informationen aufsuchen und ben\u00fctzen, erkl\u00e4ren sich \u2013 nachdem sie diese gelesen und verstanden haben \u2013 mit den folgenden Bestimmungen einverstanden: Allgemeines Die vorliegende Internetseite coptis.ch (\u201cCOPTIS Seite \u201c) [&hellip;]<\/p>\n","protected":false},"author":1,"featured_media":0,"parent":0,"menu_order":0,"comment_status":"closed","ping_status":"closed","template":"","meta":{"_acf_changed":false,"footnotes":""},"class_list":["post-7150","page","type-page","status-publish","hentry"],"acf":[],"yoast_head":"<!-- This site is optimized with the Yoast SEO plugin v26.3 - https:\/\/yoast.com\/wordpress\/plugins\/seo\/ -->\n<title>Aufsichtsrechtliche Informationen - COPTIS<\/title>\n<meta name=\"robots\" content=\"index, follow, max-snippet:-1, max-image-preview:large, max-video-preview:-1\" \/>\n<link rel=\"canonical\" href=\"https:\/\/www.coptis.ch\/informations-reglementaires\/\" \/>\n<meta property=\"og:locale\" content=\"de_DE\" \/>\n<meta property=\"og:type\" content=\"article\" \/>\n<meta property=\"og:title\" content=\"Aufsichtsrechtliche Informationen - COPTIS\" \/>\n<meta property=\"og:description\" content=\"[vc_row wrap_container=&#8221;yes&#8221; conditional_render=&#8221;%5B%7B%22value_role%22%3A%22administrator%22%7D%5D&#8221; css_params=&#8221;&#8221; css=&#8221;.vc_custom_1757504443839{padding-top: 50px !important;}&#8221;][vc_column][vc_column_text]Alle Personen, welche die auf der Website von COPTIS Verband Schweizerischer Immobilienverbriefung, www.cotpis.org (f\u00fcr ihren eigenen Gebrauch oder f\u00fcr Drittgebrauch) publizierten Informationen aufsuchen und ben\u00fctzen, erkl\u00e4ren sich \u2013 nachdem sie diese gelesen und verstanden haben \u2013 mit den folgenden Bestimmungen einverstanden: Allgemeines Die vorliegende Internetseite coptis.ch (\u201cCOPTIS Seite \u201c) [&hellip;]\" \/>\n<meta property=\"og:url\" content=\"https:\/\/www.coptis.ch\/informations-reglementaires\/\" \/>\n<meta property=\"og:site_name\" content=\"COPTIS\" \/>\n<meta property=\"article:modified_time\" content=\"2025-09-10T11:40:45+00:00\" \/>\n<meta name=\"twitter:card\" content=\"summary_large_image\" \/>\n<meta name=\"twitter:label1\" content=\"Gesch\u00e4tzte Lesezeit\" \/>\n\t<meta name=\"twitter:data1\" content=\"5\u00a0Minuten\" \/>\n<script type=\"application\/ld+json\" class=\"yoast-schema-graph\">{\"@context\":\"https:\/\/schema.org\",\"@graph\":[{\"@type\":\"WebPage\",\"@id\":\"https:\/\/www.coptis.ch\/informations-reglementaires\/\",\"url\":\"https:\/\/www.coptis.ch\/informations-reglementaires\/\",\"name\":\"Aufsichtsrechtliche Informationen - COPTIS\",\"isPartOf\":{\"@id\":\"https:\/\/www.coptis.ch\/#website\"},\"datePublished\":\"2025-07-25T12:15:24+00:00\",\"dateModified\":\"2025-09-10T11:40:45+00:00\",\"breadcrumb\":{\"@id\":\"https:\/\/www.coptis.ch\/informations-reglementaires\/#breadcrumb\"},\"inLanguage\":\"de\",\"potentialAction\":[{\"@type\":\"ReadAction\",\"target\":[\"https:\/\/www.coptis.ch\/informations-reglementaires\/\"]}]},{\"@type\":\"BreadcrumbList\",\"@id\":\"https:\/\/www.coptis.ch\/informations-reglementaires\/#breadcrumb\",\"itemListElement\":[{\"@type\":\"ListItem\",\"position\":1,\"name\":\"Accueil\",\"item\":\"https:\/\/www.coptis.ch\/de\/\"},{\"@type\":\"ListItem\",\"position\":2,\"name\":\"Aufsichtsrechtliche Informationen\"}]},{\"@type\":\"WebSite\",\"@id\":\"https:\/\/www.coptis.ch\/#website\",\"url\":\"https:\/\/www.coptis.ch\/\",\"name\":\"COPTIS\",\"description\":\"Association suisse des professionnels en titrisation immobili\u00e8re\",\"potentialAction\":[{\"@type\":\"SearchAction\",\"target\":{\"@type\":\"EntryPoint\",\"urlTemplate\":\"https:\/\/www.coptis.ch\/?s={search_term_string}\"},\"query-input\":{\"@type\":\"PropertyValueSpecification\",\"valueRequired\":true,\"valueName\":\"search_term_string\"}}],\"inLanguage\":\"de\"}]}<\/script>\n<!-- \/ Yoast SEO plugin. -->","yoast_head_json":{"title":"Aufsichtsrechtliche Informationen - COPTIS","robots":{"index":"index","follow":"follow","max-snippet":"max-snippet:-1","max-image-preview":"max-image-preview:large","max-video-preview":"max-video-preview:-1"},"canonical":"https:\/\/www.coptis.ch\/informations-reglementaires\/","og_locale":"de_DE","og_type":"article","og_title":"Aufsichtsrechtliche Informationen - COPTIS","og_description":"[vc_row wrap_container=&#8221;yes&#8221; conditional_render=&#8221;%5B%7B%22value_role%22%3A%22administrator%22%7D%5D&#8221; css_params=&#8221;&#8221; css=&#8221;.vc_custom_1757504443839{padding-top: 50px !important;}&#8221;][vc_column][vc_column_text]Alle Personen, welche die auf der Website von COPTIS Verband Schweizerischer Immobilienverbriefung, www.cotpis.org (f\u00fcr ihren eigenen Gebrauch oder f\u00fcr Drittgebrauch) publizierten Informationen aufsuchen und ben\u00fctzen, erkl\u00e4ren sich \u2013 nachdem sie diese gelesen und verstanden haben \u2013 mit den folgenden Bestimmungen einverstanden: Allgemeines Die vorliegende Internetseite coptis.ch (\u201cCOPTIS Seite \u201c) [&hellip;]","og_url":"https:\/\/www.coptis.ch\/informations-reglementaires\/","og_site_name":"COPTIS","article_modified_time":"2025-09-10T11:40:45+00:00","twitter_card":"summary_large_image","twitter_misc":{"Gesch\u00e4tzte Lesezeit":"5\u00a0Minuten"},"schema":{"@context":"https:\/\/schema.org","@graph":[{"@type":"WebPage","@id":"https:\/\/www.coptis.ch\/informations-reglementaires\/","url":"https:\/\/www.coptis.ch\/informations-reglementaires\/","name":"Aufsichtsrechtliche Informationen - COPTIS","isPartOf":{"@id":"https:\/\/www.coptis.ch\/#website"},"datePublished":"2025-07-25T12:15:24+00:00","dateModified":"2025-09-10T11:40:45+00:00","breadcrumb":{"@id":"https:\/\/www.coptis.ch\/informations-reglementaires\/#breadcrumb"},"inLanguage":"de","potentialAction":[{"@type":"ReadAction","target":["https:\/\/www.coptis.ch\/informations-reglementaires\/"]}]},{"@type":"BreadcrumbList","@id":"https:\/\/www.coptis.ch\/informations-reglementaires\/#breadcrumb","itemListElement":[{"@type":"ListItem","position":1,"name":"Accueil","item":"https:\/\/www.coptis.ch\/de\/"},{"@type":"ListItem","position":2,"name":"Aufsichtsrechtliche Informationen"}]},{"@type":"WebSite","@id":"https:\/\/www.coptis.ch\/#website","url":"https:\/\/www.coptis.ch\/","name":"COPTIS","description":"Association suisse des professionnels en titrisation immobili\u00e8re","potentialAction":[{"@type":"SearchAction","target":{"@type":"EntryPoint","urlTemplate":"https:\/\/www.coptis.ch\/?s={search_term_string}"},"query-input":{"@type":"PropertyValueSpecification","valueRequired":true,"valueName":"search_term_string"}}],"inLanguage":"de"}]}},"_links":{"self":[{"href":"https:\/\/www.coptis.ch\/de\/wp-json\/wp\/v2\/pages\/7150","targetHints":{"allow":["GET"]}}],"collection":[{"href":"https:\/\/www.coptis.ch\/de\/wp-json\/wp\/v2\/pages"}],"about":[{"href":"https:\/\/www.coptis.ch\/de\/wp-json\/wp\/v2\/types\/page"}],"author":[{"embeddable":true,"href":"https:\/\/www.coptis.ch\/de\/wp-json\/wp\/v2\/users\/1"}],"replies":[{"embeddable":true,"href":"https:\/\/www.coptis.ch\/de\/wp-json\/wp\/v2\/comments?post=7150"}],"version-history":[{"count":3,"href":"https:\/\/www.coptis.ch\/de\/wp-json\/wp\/v2\/pages\/7150\/revisions"}],"predecessor-version":[{"id":7153,"href":"https:\/\/www.coptis.ch\/de\/wp-json\/wp\/v2\/pages\/7150\/revisions\/7153"}],"wp:attachment":[{"href":"https:\/\/www.coptis.ch\/de\/wp-json\/wp\/v2\/media?parent=7150"}],"curies":[{"name":"wp","href":"https:\/\/api.w.org\/{rel}","templated":true}]}}