{"id":7159,"date":"2025-07-25T14:14:31","date_gmt":"2025-07-25T12:14:31","guid":{"rendered":"https:\/\/www.coptis.ch\/rechtliche-hinweise\/"},"modified":"2025-09-10T14:00:14","modified_gmt":"2025-09-10T12:00:14","slug":"rechtliche-hinweise","status":"publish","type":"page","link":"https:\/\/www.coptis.ch\/de\/rechtliche-hinweise\/","title":{"rendered":"Rechtliche Hinweise"},"content":{"rendered":"<div class=\"wpb-content-wrapper\"><p>[vc_row wrap_container=&#8221;yes&#8221; conditional_render=&#8221;%5B%7B%22value_role%22%3A%22administrator%22%7D%5D&#8221; css_params=&#8221;&#8221; css=&#8221;.vc_custom_1757504966820{padding-top: 50px !important;}&#8221;][vc_column][vc_column_text css=&#8221;&#8221; css_params=&#8221;&#8221;]<strong>Cookie-Richtlinie<br \/>\n<\/strong><strong>Zu dieser Cookie-Richtlinie<br \/>\n<\/strong><b><\/b>In dieser Cookie-Richtlinie wird erl\u00e4utert, was Cookies sind und wie wir sie verwenden. Wir legen Ihnen die Lekt\u00fcre dieser Richtlinie nahe f\u00fcr ein besseres Verst\u00e4ndnis, wie Cookies funktionieren und welche Arten von Cookies wir in welcher Form einsetzen, das heisst, welche Informationen wir mithilfe von Cookies erfassen, wie wir diese Informationen nutzen und wie Sie Ihre Cookie-Einstellungen \u00fcberpr\u00fcfen k\u00f6nnen. N\u00e4heres \u00fcber die Nutzung, Speicherung und sichere Aufbewahrung Ihrer personenbezogenen Daten erfahren Sie in unserer Datenschutzrichtlinie.<br \/>\nSie k\u00f6nnen Ihre Zustimmung zur Cookie-Erkl\u00e4rung, die auf unserer Website angezeigt wird, jederzeit \u00e4ndern oder widerrufen.<br \/>\nUnsere Datenschutzrichtlinie enth\u00e4lt weitere Angaben \u00fcber unseren Verband, die Kontaktaufnahme und die Verarbeitung personenbezogener Daten durch uns.<\/p>\n<p><strong>Was sind Cookies?<br \/>\n<\/strong><b><\/b>Cookies sind kleine Textdateien, in denen Informationen hinterlegt werden. Sie werden auf Ihrem Computer gespeichert, wenn Sie in Ihrem Browser eine Website laden. Mit diesen Cookies sorgen wir daf\u00fcr, dass unsere Website richtig funktioniert, sie besser gesichert ist und das Nutzererlebnis optimiert wird. Dar\u00fcber hinaus helfen sie uns, die Funktionsweise der Website besser zu verstehen und zu analysieren, was gut funktioniert und was verbesserungsw\u00fcrdig ist.<\/p>\n<p><strong>Wie verwenden wir Cookies?<br \/>\n<\/strong>Wie die meisten Onlinedienste setzt unsere Website Erstanbieter- und Drittanbieter-Cookies zu verschiedenen Zwecken ein. Erstanbieter-Cookies sind vor allem f\u00fcr die Funktionsf\u00e4higkeit unserer Website notwendig. Sie erfassen keine Daten, mit denen Sie als Person identifizierbar sind.<br \/>\nDie auf unserer Website verwendeten Drittanbieter-Cookies geben in erster Linie Aufschluss \u00fcber die Funktionsweise der Website, Ihre Interaktion mit der Website, die Sicherheit unserer Dienste und die Verbreitung von f\u00fcr Sie relevanten Werbeanzeigen, um Ihnen ein besseres Nutzererlebnis zu bieten und Ihre Interaktion mit unserer Website zuk\u00fcnftig zu beschleunigen.<\/p>\n<p><b>Welche Arten von Cookies verwenden wir?<br \/>\n<\/b><b>Notwendige Cookies:<\/b>&nbsp;Manche Cookies sind erforderlich, damit Sie alle Funktionen unserer Website nutzen k\u00f6nnen. Mit diesen Cookies k\u00f6nnen wir die Nutzersitzung verwalten und Sicherheitsbedrohungen abwehren. Sie erfassen oder speichern keine personenbezogenen Daten, sondern sorgen beispielsweise daf\u00fcr, dass Sie sich mit Ihrem Nutzerkonto verbinden, Produkte in den Warenkorb legen und sicher surfen k\u00f6nnen.<\/p>\n<p><b>Statistik-Cookies<\/b>: Diese Cookies speichern Daten, wie die Anzahl der Website-Aufrufe, die Anzahl der einzelnen Besucher, die aufgerufenen Webseiten, von welcher Website der Besucher kommt usw. Anhand dieser Daten k\u00f6nnen wir die Funktionsweise der Website besser verstehen und analysieren, wo Verbesserungsbedarf besteht.<\/p>\n<p><b>Marketing-Cookies<\/b>: Auf unserer Website wird Werbung angezeigt. Mit Marketing-Cookies l\u00e4sst sich die Werbung personalisieren, sodass Sie nur relevante Anzeigen sehen. Ausserdem geben diese Cookies Aufschluss \u00fcber die Wirksamkeit von Werbekampagnen. Auch Drittanbieter von Werbung k\u00f6nnen die von den Cookies gespeicherten Daten nutzen, um auf anderen Websites in Ihrem Browser Anzeigen f\u00fcr Sie einzublenden.<\/p>\n<p><b>Funktions-Cookies<\/b>: Diese Cookies sind nicht unbedingt n\u00f6tig, damit unsere Website angezeigt werden kann, erf\u00fcllen aber verschiedene Funktionen, etwa die Einbindung von Inhalten wie Videos oder das Teilen von Webinhalten auf Social-Media-Plattformen.<\/p>\n<p><b>Einstellungs-Cookies<\/b>: Anhand dieser Cookies k\u00f6nnen wir Ihre Einstellungen f\u00fcr die Internetnutzung, beispielsweise Ihre bevorzugte Sprache, speichern, um Ihnen bei sp\u00e4teren Besuchen unserer Website ein besseres und effizienteres Nutzererlebnis zu bieten.<\/p>\n<p><b>Wie verwalte ich meine Cookie-Einstellungen?<br \/>\n<\/b>Wenn Sie bereits vorgenommene Einstellungen w\u00e4hrend einer Internetsitzung noch \u00e4ndern m\u00f6chten, klicken Sie auf \u00abDatenschutz- und Cookie-Richtlinie\u00bb. Daraufhin wird Ihnen erneut die Einwilligungserkl\u00e4rung angezeigt und Sie k\u00f6nnen Ihre Einstellungen entweder \u00e4ndern oder Cookies ganz ablehnen.<br \/>\nDar\u00fcber hinaus haben Sie je nach Browser verschiedene M\u00f6glichkeiten, von Websites verwendete Cookies zu blockieren oder zu l\u00f6schen. Sie k\u00f6nnen in Ihren Browser-Einstellungen festlegen, dass Cookies blockiert bzw. gel\u00f6scht werden. Weitere Informationen zum L\u00f6schen und Verwalten von Cookies finden Sie auf wikipedia.org.<\/p>\n<p><strong>Datenschutzrichtlinie<\/strong><\/p>\n<p><strong>1. Aufbewahrung und Nutzung Ihrer personenbezogenen Daten<\/strong><br \/>\nDie in diesem Formular erfassten Informationen werden in einer Computerdatei f\u00fcr Mitteilungen im Zusammenhang mit der Marke und den Leistungen von COPTIS gespeichert.<br \/>\nSie werden drei Jahre lang aufbewahrt und von der Marketing- und Vertriebsabteilung genutzt.<br \/>\nZugriff auf diese Datei haben ausschliesslich die Gesch\u00e4ftsleitung sowie die Mitarbeitenden der Marketing- und Vertriebsteams von COPTIS.<br \/>\nSie sind berechtigt, auf die Sie betreffenden personenbezogenen Daten zuzugreifen und ihre Berichtigung zu verlangen. Wenden Sie sich hierzu an: COPTIS, c\/o Bourgeois Avocats, Avenue de Montbenon 2, 1003 Lausanne und\/oder per E-Mail an info@coptis.ch (s. \u00a7 3.1).<\/p>\n<p><strong>2. Einverst\u00e4ndniserkl\u00e4rung und Verarbeitung Ihrer personenbezogenen Daten<\/strong><br \/>\nFalls Sie vor dem Senden eines Formulars auf der Website www.thecomputerfirm.com das obligatorische K\u00e4stchen aktivieren (\u00abIch erteile COPTIS die Erlaubnis, mich zu kontaktieren und mir personalisierte Informationen \u00fcber Leistungen zur Entwicklung meines Gesch\u00e4fts zu senden. Ihre personenbezogenen Daten werden unter keinen Umst\u00e4nden Dritten mitgeteilt.\u00bb), erkl\u00e4ren Sie sich ausdr\u00fccklich mit der Speicherung und Verarbeitung Ihrer Daten zu dem Zweck der Information \u00fcber unsere Leistungen einverstanden. Sie gestatten damit Folgendes:<br \/>\nEin Berater von COPTIS darf zwecks einer Gesch\u00e4ftsbeziehung Kontakt zu Ihnen aufnehmen<br \/>\nDie Marketingabteilung darf Ihnen personalisierte Informationen \u00fcber unsere Leistungen senden<br \/>\nTipp: Sie sind damit nicht einverstanden? Rufen Sie uns einfach an unter +41 (0) 44 521 99 50. Dann k\u00f6nnen wir Ihre Fragen telefonisch kl\u00e4ren.<\/p>\n<p><strong>3. Widerruf der Einverst\u00e4ndniserkl\u00e4rung hinsichtlich Ihrer personenbezogenen Daten<\/strong><br \/>\n<strong>3.1. Zugriffsrecht auf Ihre personenbezogenen Daten<\/strong><br \/>\nSie sind jederzeit berechtigt, auf Ihre personenbezogenen Daten zuzugreifen, sie \u00e4ndern und\/oder l\u00f6schen zu lassen. Wenden Sie sich hierzu bitte an unsere IT-Abteilung:<br \/>\nAuf dem Postweg: COPTIS \u2013 c\/o Bourgeois Avocats, Avenue de Montbenon 2, 1003 Lausanne. F\u00fcgen Sie eine Ausweiskopie bei. Versenden Sie Ihren Brief am besten per Einschreiben mit R\u00fcckschein.<br \/>\nDer Dateiverantwortliche muss innerhalb von zwei Monaten nach dem Antrag antworten, unabh\u00e4ngig davon, ob dieser auf dem Postweg oder pers\u00f6nlich zugestellt wird. Falls der Antrag unvollst\u00e4ndig ist (z. B. fehlendes Ausweispapier), kann der Dateiverantwortliche die Vervollst\u00e4ndigung verlangen: Die Frist wird dann ausgesetzt und beginnt erneut nach Eingang der fehlenden Unterlagen.<\/p>\n<p><strong>3.2. \u00c4nderung Ihrer Abonnements<\/strong><br \/>\nSie k\u00f6nnen Ihre Newsletterabonnements jederzeit \u00e4ndern, indem Sie am Ende einer unserer E-Mail-Mitteilungen auf \u00abMeine Einstellungen \u00e4ndern\u00bb klicken.<br \/>\nUm s\u00e4mtliche Mitteilungen von COPTIS abzubestellen, klicken Sie auf den Abbestellungslink, den Sie am Ende jeder unserer E-Mails finden. Zur Auswahl stehen:<br \/>\n\u2013 Einstellungen f\u00fcr den Empfang von Mitteilungen \u00e4ndern<br \/>\n\u2013 Abbestellung aller Marketing- und Werbemitteilungen, bis zur erneuten Einverst\u00e4ndniserkl\u00e4rung \u00fcber die Website.[\/vc_column_text][\/vc_column][\/vc_row]<\/p>\n<\/div>","protected":false},"excerpt":{"rendered":"<p>[vc_row wrap_container=&#8221;yes&#8221; conditional_render=&#8221;%5B%7B%22value_role%22%3A%22administrator%22%7D%5D&#8221; css_params=&#8221;&#8221; css=&#8221;.vc_custom_1757504966820{padding-top: 50px !important;}&#8221;][vc_column][vc_column_text css=&#8221;&#8221; css_params=&#8221;&#8221;]Cookie-Richtlinie Zu dieser Cookie-Richtlinie In dieser Cookie-Richtlinie wird erl\u00e4utert, was Cookies sind und wie wir sie verwenden. Wir legen Ihnen die Lekt\u00fcre dieser Richtlinie nahe f\u00fcr ein besseres Verst\u00e4ndnis, wie Cookies funktionieren und welche Arten von Cookies wir in welcher Form einsetzen, das heisst, welche Informationen wir [&hellip;]<\/p>\n","protected":false},"author":1,"featured_media":0,"parent":0,"menu_order":0,"comment_status":"closed","ping_status":"closed","template":"","meta":{"_acf_changed":false,"footnotes":""},"class_list":["post-7159","page","type-page","status-publish","hentry"],"acf":[],"yoast_head":"<!-- This site is optimized with the Yoast SEO plugin v26.3 - https:\/\/yoast.com\/wordpress\/plugins\/seo\/ -->\n<title>Rechtliche Hinweise - COPTIS<\/title>\n<meta name=\"robots\" content=\"index, follow, max-snippet:-1, max-image-preview:large, max-video-preview:-1\" \/>\n<link rel=\"canonical\" href=\"https:\/\/www.coptis.ch\/informations-legales\/\" \/>\n<meta property=\"og:locale\" content=\"de_DE\" \/>\n<meta property=\"og:type\" content=\"article\" \/>\n<meta property=\"og:title\" content=\"Rechtliche Hinweise - COPTIS\" \/>\n<meta property=\"og:description\" content=\"[vc_row wrap_container=&#8221;yes&#8221; conditional_render=&#8221;%5B%7B%22value_role%22%3A%22administrator%22%7D%5D&#8221; css_params=&#8221;&#8221; css=&#8221;.vc_custom_1757504966820{padding-top: 50px !important;}&#8221;][vc_column][vc_column_text css=&#8221;&#8221; css_params=&#8221;&#8221;]Cookie-Richtlinie Zu dieser Cookie-Richtlinie In dieser Cookie-Richtlinie wird erl\u00e4utert, was Cookies sind und wie wir sie verwenden. Wir legen Ihnen die Lekt\u00fcre dieser Richtlinie nahe f\u00fcr ein besseres Verst\u00e4ndnis, wie Cookies funktionieren und welche Arten von Cookies wir in welcher Form einsetzen, das heisst, welche Informationen wir [&hellip;]\" \/>\n<meta property=\"og:url\" content=\"https:\/\/www.coptis.ch\/informations-legales\/\" \/>\n<meta property=\"og:site_name\" content=\"COPTIS\" \/>\n<meta property=\"article:modified_time\" content=\"2025-09-10T12:00:14+00:00\" \/>\n<meta name=\"twitter:card\" content=\"summary_large_image\" \/>\n<meta name=\"twitter:label1\" content=\"Gesch\u00e4tzte Lesezeit\" \/>\n\t<meta name=\"twitter:data1\" content=\"5\u00a0Minuten\" \/>\n<script type=\"application\/ld+json\" class=\"yoast-schema-graph\">{\"@context\":\"https:\/\/schema.org\",\"@graph\":[{\"@type\":\"WebPage\",\"@id\":\"https:\/\/www.coptis.ch\/informations-legales\/\",\"url\":\"https:\/\/www.coptis.ch\/informations-legales\/\",\"name\":\"Rechtliche Hinweise - COPTIS\",\"isPartOf\":{\"@id\":\"https:\/\/www.coptis.ch\/#website\"},\"datePublished\":\"2025-07-25T12:14:31+00:00\",\"dateModified\":\"2025-09-10T12:00:14+00:00\",\"breadcrumb\":{\"@id\":\"https:\/\/www.coptis.ch\/informations-legales\/#breadcrumb\"},\"inLanguage\":\"de\",\"potentialAction\":[{\"@type\":\"ReadAction\",\"target\":[\"https:\/\/www.coptis.ch\/informations-legales\/\"]}]},{\"@type\":\"BreadcrumbList\",\"@id\":\"https:\/\/www.coptis.ch\/informations-legales\/#breadcrumb\",\"itemListElement\":[{\"@type\":\"ListItem\",\"position\":1,\"name\":\"Accueil\",\"item\":\"https:\/\/www.coptis.ch\/de\/\"},{\"@type\":\"ListItem\",\"position\":2,\"name\":\"Rechtliche Hinweise\"}]},{\"@type\":\"WebSite\",\"@id\":\"https:\/\/www.coptis.ch\/#website\",\"url\":\"https:\/\/www.coptis.ch\/\",\"name\":\"COPTIS\",\"description\":\"Association suisse des professionnels en titrisation immobili\u00e8re\",\"potentialAction\":[{\"@type\":\"SearchAction\",\"target\":{\"@type\":\"EntryPoint\",\"urlTemplate\":\"https:\/\/www.coptis.ch\/?s={search_term_string}\"},\"query-input\":{\"@type\":\"PropertyValueSpecification\",\"valueRequired\":true,\"valueName\":\"search_term_string\"}}],\"inLanguage\":\"de\"}]}<\/script>\n<!-- \/ Yoast SEO plugin. -->","yoast_head_json":{"title":"Rechtliche Hinweise - COPTIS","robots":{"index":"index","follow":"follow","max-snippet":"max-snippet:-1","max-image-preview":"max-image-preview:large","max-video-preview":"max-video-preview:-1"},"canonical":"https:\/\/www.coptis.ch\/informations-legales\/","og_locale":"de_DE","og_type":"article","og_title":"Rechtliche Hinweise - COPTIS","og_description":"[vc_row wrap_container=&#8221;yes&#8221; conditional_render=&#8221;%5B%7B%22value_role%22%3A%22administrator%22%7D%5D&#8221; css_params=&#8221;&#8221; css=&#8221;.vc_custom_1757504966820{padding-top: 50px !important;}&#8221;][vc_column][vc_column_text css=&#8221;&#8221; css_params=&#8221;&#8221;]Cookie-Richtlinie Zu dieser Cookie-Richtlinie In dieser Cookie-Richtlinie wird erl\u00e4utert, was Cookies sind und wie wir sie verwenden. Wir legen Ihnen die Lekt\u00fcre dieser Richtlinie nahe f\u00fcr ein besseres Verst\u00e4ndnis, wie Cookies funktionieren und welche Arten von Cookies wir in welcher Form einsetzen, das heisst, welche Informationen wir [&hellip;]","og_url":"https:\/\/www.coptis.ch\/informations-legales\/","og_site_name":"COPTIS","article_modified_time":"2025-09-10T12:00:14+00:00","twitter_card":"summary_large_image","twitter_misc":{"Gesch\u00e4tzte Lesezeit":"5\u00a0Minuten"},"schema":{"@context":"https:\/\/schema.org","@graph":[{"@type":"WebPage","@id":"https:\/\/www.coptis.ch\/informations-legales\/","url":"https:\/\/www.coptis.ch\/informations-legales\/","name":"Rechtliche Hinweise - COPTIS","isPartOf":{"@id":"https:\/\/www.coptis.ch\/#website"},"datePublished":"2025-07-25T12:14:31+00:00","dateModified":"2025-09-10T12:00:14+00:00","breadcrumb":{"@id":"https:\/\/www.coptis.ch\/informations-legales\/#breadcrumb"},"inLanguage":"de","potentialAction":[{"@type":"ReadAction","target":["https:\/\/www.coptis.ch\/informations-legales\/"]}]},{"@type":"BreadcrumbList","@id":"https:\/\/www.coptis.ch\/informations-legales\/#breadcrumb","itemListElement":[{"@type":"ListItem","position":1,"name":"Accueil","item":"https:\/\/www.coptis.ch\/de\/"},{"@type":"ListItem","position":2,"name":"Rechtliche Hinweise"}]},{"@type":"WebSite","@id":"https:\/\/www.coptis.ch\/#website","url":"https:\/\/www.coptis.ch\/","name":"COPTIS","description":"Association suisse des professionnels en titrisation immobili\u00e8re","potentialAction":[{"@type":"SearchAction","target":{"@type":"EntryPoint","urlTemplate":"https:\/\/www.coptis.ch\/?s={search_term_string}"},"query-input":{"@type":"PropertyValueSpecification","valueRequired":true,"valueName":"search_term_string"}}],"inLanguage":"de"}]}},"_links":{"self":[{"href":"https:\/\/www.coptis.ch\/de\/wp-json\/wp\/v2\/pages\/7159","targetHints":{"allow":["GET"]}}],"collection":[{"href":"https:\/\/www.coptis.ch\/de\/wp-json\/wp\/v2\/pages"}],"about":[{"href":"https:\/\/www.coptis.ch\/de\/wp-json\/wp\/v2\/types\/page"}],"author":[{"embeddable":true,"href":"https:\/\/www.coptis.ch\/de\/wp-json\/wp\/v2\/users\/1"}],"replies":[{"embeddable":true,"href":"https:\/\/www.coptis.ch\/de\/wp-json\/wp\/v2\/comments?post=7159"}],"version-history":[{"count":3,"href":"https:\/\/www.coptis.ch\/de\/wp-json\/wp\/v2\/pages\/7159\/revisions"}],"predecessor-version":[{"id":7162,"href":"https:\/\/www.coptis.ch\/de\/wp-json\/wp\/v2\/pages\/7159\/revisions\/7162"}],"wp:attachment":[{"href":"https:\/\/www.coptis.ch\/de\/wp-json\/wp\/v2\/media?parent=7159"}],"curies":[{"name":"wp","href":"https:\/\/api.w.org\/{rel}","templated":true}]}}