{"id":7180,"date":"2025-09-08T10:22:52","date_gmt":"2025-09-08T08:22:52","guid":{"rendered":"https:\/\/www.coptis.ch\/unsere-arbeitsgruppen\/arbeitsgruppe-anlagestiftungen\/"},"modified":"2026-02-10T14:04:11","modified_gmt":"2026-02-10T13:04:11","slug":"arbeitsgruppe-anlagestiftungen","status":"publish","type":"page","link":"https:\/\/www.coptis.ch\/de\/unsere-arbeitsgruppen\/arbeitsgruppe-anlagestiftungen\/","title":{"rendered":"Arbeitsgruppe Anlagestiftungen"},"content":{"rendered":"<div class=\"wpb-content-wrapper\"><p>[vc_row el_class=&#8221;mb-0&#8243; conditional_render=&#8221;%5B%7B%22value_role%22%3A%22administrator%22%7D%5D&#8221; css_params=&#8221;&#8221;][vc_column][vc_custom_heading text=&#8221;Arbeitsgruppe Anlagestiftungen&#8221; use_theme_fonts=&#8221;yes&#8221; css_params=&#8221;&#8221;][vc_column_text css=&#8221;&#8221; css_params=&#8221;&#8221;]<strong>Die Leitung der Arbeitsgruppe Anlagestiftungen hat Dr. Armin K\u00fchne von der Kellerhals Carrard Z\u00fcrich KIG im Juni 2020 \u00fcbernommen. Die Gruppe trifft sich ein bis zwei Mal im Jahr, um aktuelle Fragen zu diskutieren, aufsichtsrechtliche Entwicklungen zu verfolgen und Informationen sowie Erfahrungen unter den COPTIS-Mitgliedern auszutauschen. Sie \u00fcberwacht rechtliche und regulatorische Vorschriften und nimmt an Vernehmlassungen teil, die Immobilienanlagestiftungen betreffen.   <\/strong>[\/vc_column_text][\/vc_column][\/vc_row][vc_row wrap_container=&#8221;yes&#8221; conditional_render=&#8221;%5B%7B%22value_role%22%3A%22administrator%22%7D%5D&#8221; css_params=&#8221;&#8221;][vc_column][vc_custom_heading text=&#8221;Gruppe unter Vorsitz von&#8221; font_container=&#8221;tag:h3|text_align:left&#8221; use_theme_fonts=&#8221;yes&#8221; css_params=&#8221;&#8221;][vc_row_inner content_placement=&#8221;top&#8221; css_params=&#8221;&#8221;][vc_column_inner width=&#8221;1\/3&#8243;][porto_tb_posts post_type=&#8221;member&#8221; spacing=&#8221;20&#8243; columns=&#8221;1&#8243; columns_tablet=&#8221;1&#8243; columns_mobile=&#8221;1&#8243; image_size=&#8221;thumbnail&#8221; css_params=&#8221;&#8221; post_terms=&#8221;244&#8243; count=&#8221;50&#8243; builder_id=&#8221;764&#8243;][\/vc_column_inner][vc_column_inner width=&#8221;2\/3&#8243; css=&#8221;.vc_custom_1770724756603{border-top-width: 5px !important;border-top-style: solid !important;border-color: var(&#8211;porto-primary-color) !important;}&#8221; css_params=&#8221;&#8221;][vc_column_text css=&#8221;.vc_custom_1770728435992{padding-top: 15px !important;}&#8221; css_params=&#8221;&#8221;]Vorstellung des Gruppenleiters[\/vc_column_text][\/vc_column_inner][\/vc_row_inner][\/vc_column][\/vc_row][vc_row el_class=&#8221;py-3&#8243; conditional_render=&#8221;%5B%7B%22value_role%22%3A%22administrator%22%7D%5D&#8221; css_params=&#8221;&#8221;][vc_column][vc_custom_heading text=&#8221;Mitglieder der Gruppe&#8221; font_container=&#8221;tag:h3|text_align:left&#8221; use_theme_fonts=&#8221;yes&#8221; css_params=&#8221;&#8221;][porto_tb_posts post_type=&#8221;member&#8221; spacing=&#8221;20&#8243; columns=&#8221;3&#8243; columns_tablet=&#8221;2&#8243; columns_mobile=&#8221;1&#8243; image_size=&#8221;thumbnail&#8221; builder_id=&#8221;3005&#8243; css_params=&#8221;&#8221; post_terms=&#8221;181&#8243; count=&#8221;50&#8243;][\/vc_column][\/vc_row][vc_row][vc_column][vc_custom_heading text=&#8221;Von der Gruppe geleitete Projekte&#8221; font_container=&#8221;tag:h3|text_align:left&#8221; use_theme_fonts=&#8221;yes&#8221; css_params=&#8221;&#8221;]<div class=\"porto-history wpb_content_element \"><div class=\"featured-box\"><div class=\"box-content\"><h4 class=\"heading-primary\"><strong>Roundtable \u2013 April 2016<\/strong><\/h4><p>Roundtable im April 2016 \u00abGovernance von Immobilienanlagestiftungen\u00bb mit Catherine Pietrini von der OAK BV<\/p>\n<\/div><\/div><\/div><div class=\"porto-history wpb_content_element \"><div class=\"featured-box\"><div class=\"box-content\"><h4 class=\"heading-primary\"><strong>Stellungnahme zur ASV \u2013 Dezember 2018<\/strong><\/h4><div class=\"section-current-projects-swgp__project-description\">Stellungnahme zur ASV im Dezember 2018 unter der Schirmherrschaft von Olivier Klunge<\/div>\n<\/div><\/div><\/div><div class=\"porto-history wpb_content_element \"><div class=\"featured-box\"><div class=\"box-content\"><h4 class=\"heading-primary\"><strong>Roundtable \u2013 April 2019<\/strong><\/h4><p>Roundtable im April 2019 \u00abDie Verm\u00f6gensklasse Immobilien f\u00fcr Schweizer Pensionskassen\u00bb<\/p>\n<\/div><\/div><\/div>[\/vc_column][\/vc_row][vc_row el_class=&#8221;py-3&#8243; css=&#8221;.vc_custom_1753360740301{padding-left: 15px !important;background-color: #ebebeb !important;}&#8221; conditional_render=&#8221;%5B%7B%22value_role%22%3A%22administrator%22%7D%5D&#8221; css_params=&#8221;&#8221;][vc_column][vc_custom_heading text=&#8221;Dokumente&#8221; font_container=&#8221;tag:h3|text_align:left&#8221; use_theme_fonts=&#8221;yes&#8221; css_params=&#8221;&#8221;][vc_btn title=&#8221;20120830_propositions_CERCN&#8221; style=&#8221;outline&#8221; i_icon_fontawesome=&#8221;far fa-file-pdf&#8221; skin=&#8221;primary&#8221; add_icon=&#8221;true&#8221; css_params=&#8221;&#8221; el_class=&#8221;mb-2&#8243; link=&#8221;url:%23|target:_blank|&#8221;][\/vc_column][\/vc_row]<\/p>\n<\/div>","protected":false},"excerpt":{"rendered":"<p>[vc_row el_class=&#8221;mb-0&#8243; conditional_render=&#8221;%5B%7B%22value_role%22%3A%22administrator%22%7D%5D&#8221; css_params=&#8221;&#8221;][vc_column][vc_custom_heading text=&#8221;Arbeitsgruppe Anlagestiftungen&#8221; use_theme_fonts=&#8221;yes&#8221; css_params=&#8221;&#8221;][vc_column_text css=&#8221;&#8221; css_params=&#8221;&#8221;]Die Leitung der Arbeitsgruppe Anlagestiftungen hat Dr. Armin K\u00fchne von der Kellerhals Carrard Z\u00fcrich KIG im Juni 2020 \u00fcbernommen. Die Gruppe trifft sich ein bis zwei Mal im Jahr, um aktuelle Fragen zu diskutieren, aufsichtsrechtliche Entwicklungen zu verfolgen und Informationen sowie Erfahrungen unter den COPTIS-Mitgliedern auszutauschen. [&hellip;]<\/p>\n","protected":false},"author":1,"featured_media":0,"parent":6725,"menu_order":0,"comment_status":"closed","ping_status":"closed","template":"","meta":{"_acf_changed":false,"footnotes":""},"class_list":["post-7180","page","type-page","status-publish","hentry"],"acf":[],"yoast_head":"<!-- This site is optimized with the Yoast SEO plugin v26.3 - https:\/\/yoast.com\/wordpress\/plugins\/seo\/ -->\n<title>Arbeitsgruppe Anlagestiftungen - COPTIS<\/title>\n<meta name=\"robots\" content=\"index, follow, max-snippet:-1, max-image-preview:large, max-video-preview:-1\" \/>\n<link rel=\"canonical\" href=\"https:\/\/www.coptis.ch\/de\/unsere-arbeitsgruppen\/arbeitsgruppe-anlagestiftungen\/\" \/>\n<meta property=\"og:locale\" content=\"de_DE\" \/>\n<meta property=\"og:type\" content=\"article\" \/>\n<meta property=\"og:title\" content=\"Arbeitsgruppe Anlagestiftungen - COPTIS\" \/>\n<meta property=\"og:description\" content=\"[vc_row el_class=&#8221;mb-0&#8243; conditional_render=&#8221;%5B%7B%22value_role%22%3A%22administrator%22%7D%5D&#8221; css_params=&#8221;&#8221;][vc_column][vc_custom_heading text=&#8221;Arbeitsgruppe Anlagestiftungen&#8221; use_theme_fonts=&#8221;yes&#8221; css_params=&#8221;&#8221;][vc_column_text css=&#8221;&#8221; css_params=&#8221;&#8221;]Die Leitung der Arbeitsgruppe Anlagestiftungen hat Dr. Armin K\u00fchne von der Kellerhals Carrard Z\u00fcrich KIG im Juni 2020 \u00fcbernommen. Die Gruppe trifft sich ein bis zwei Mal im Jahr, um aktuelle Fragen zu diskutieren, aufsichtsrechtliche Entwicklungen zu verfolgen und Informationen sowie Erfahrungen unter den COPTIS-Mitgliedern auszutauschen. [&hellip;]\" \/>\n<meta property=\"og:url\" content=\"https:\/\/www.coptis.ch\/de\/unsere-arbeitsgruppen\/arbeitsgruppe-anlagestiftungen\/\" \/>\n<meta property=\"og:site_name\" content=\"COPTIS\" \/>\n<meta property=\"article:modified_time\" content=\"2026-02-10T13:04:11+00:00\" \/>\n<meta name=\"twitter:card\" content=\"summary_large_image\" \/>\n<meta name=\"twitter:label1\" content=\"Gesch\u00e4tzte Lesezeit\" \/>\n\t<meta name=\"twitter:data1\" content=\"2\u00a0Minuten\" \/>\n<script type=\"application\/ld+json\" class=\"yoast-schema-graph\">{\"@context\":\"https:\/\/schema.org\",\"@graph\":[{\"@type\":\"WebPage\",\"@id\":\"https:\/\/www.coptis.ch\/de\/unsere-arbeitsgruppen\/arbeitsgruppe-anlagestiftungen\/\",\"url\":\"https:\/\/www.coptis.ch\/de\/unsere-arbeitsgruppen\/arbeitsgruppe-anlagestiftungen\/\",\"name\":\"Arbeitsgruppe Anlagestiftungen - COPTIS\",\"isPartOf\":{\"@id\":\"https:\/\/www.coptis.ch\/#website\"},\"datePublished\":\"2025-09-08T08:22:52+00:00\",\"dateModified\":\"2026-02-10T13:04:11+00:00\",\"breadcrumb\":{\"@id\":\"https:\/\/www.coptis.ch\/de\/unsere-arbeitsgruppen\/arbeitsgruppe-anlagestiftungen\/#breadcrumb\"},\"inLanguage\":\"de\",\"potentialAction\":[{\"@type\":\"ReadAction\",\"target\":[\"https:\/\/www.coptis.ch\/de\/unsere-arbeitsgruppen\/arbeitsgruppe-anlagestiftungen\/\"]}]},{\"@type\":\"BreadcrumbList\",\"@id\":\"https:\/\/www.coptis.ch\/de\/unsere-arbeitsgruppen\/arbeitsgruppe-anlagestiftungen\/#breadcrumb\",\"itemListElement\":[{\"@type\":\"ListItem\",\"position\":1,\"name\":\"Accueil\",\"item\":\"https:\/\/www.coptis.ch\/de\/\"},{\"@type\":\"ListItem\",\"position\":2,\"name\":\"Unsere Arbeitsgruppen\",\"item\":\"https:\/\/www.coptis.ch\/nos-groupes-de-travail\/\"},{\"@type\":\"ListItem\",\"position\":3,\"name\":\"Arbeitsgruppe Anlagestiftungen\"}]},{\"@type\":\"WebSite\",\"@id\":\"https:\/\/www.coptis.ch\/#website\",\"url\":\"https:\/\/www.coptis.ch\/\",\"name\":\"COPTIS\",\"description\":\"Association suisse des professionnels en titrisation immobili\u00e8re\",\"potentialAction\":[{\"@type\":\"SearchAction\",\"target\":{\"@type\":\"EntryPoint\",\"urlTemplate\":\"https:\/\/www.coptis.ch\/?s={search_term_string}\"},\"query-input\":{\"@type\":\"PropertyValueSpecification\",\"valueRequired\":true,\"valueName\":\"search_term_string\"}}],\"inLanguage\":\"de\"}]}<\/script>\n<!-- \/ Yoast SEO plugin. -->","yoast_head_json":{"title":"Arbeitsgruppe Anlagestiftungen - COPTIS","robots":{"index":"index","follow":"follow","max-snippet":"max-snippet:-1","max-image-preview":"max-image-preview:large","max-video-preview":"max-video-preview:-1"},"canonical":"https:\/\/www.coptis.ch\/de\/unsere-arbeitsgruppen\/arbeitsgruppe-anlagestiftungen\/","og_locale":"de_DE","og_type":"article","og_title":"Arbeitsgruppe Anlagestiftungen - COPTIS","og_description":"[vc_row el_class=&#8221;mb-0&#8243; conditional_render=&#8221;%5B%7B%22value_role%22%3A%22administrator%22%7D%5D&#8221; css_params=&#8221;&#8221;][vc_column][vc_custom_heading text=&#8221;Arbeitsgruppe Anlagestiftungen&#8221; use_theme_fonts=&#8221;yes&#8221; css_params=&#8221;&#8221;][vc_column_text css=&#8221;&#8221; css_params=&#8221;&#8221;]Die Leitung der Arbeitsgruppe Anlagestiftungen hat Dr. Armin K\u00fchne von der Kellerhals Carrard Z\u00fcrich KIG im Juni 2020 \u00fcbernommen. Die Gruppe trifft sich ein bis zwei Mal im Jahr, um aktuelle Fragen zu diskutieren, aufsichtsrechtliche Entwicklungen zu verfolgen und Informationen sowie Erfahrungen unter den COPTIS-Mitgliedern auszutauschen. [&hellip;]","og_url":"https:\/\/www.coptis.ch\/de\/unsere-arbeitsgruppen\/arbeitsgruppe-anlagestiftungen\/","og_site_name":"COPTIS","article_modified_time":"2026-02-10T13:04:11+00:00","twitter_card":"summary_large_image","twitter_misc":{"Gesch\u00e4tzte Lesezeit":"2\u00a0Minuten"},"schema":{"@context":"https:\/\/schema.org","@graph":[{"@type":"WebPage","@id":"https:\/\/www.coptis.ch\/de\/unsere-arbeitsgruppen\/arbeitsgruppe-anlagestiftungen\/","url":"https:\/\/www.coptis.ch\/de\/unsere-arbeitsgruppen\/arbeitsgruppe-anlagestiftungen\/","name":"Arbeitsgruppe Anlagestiftungen - COPTIS","isPartOf":{"@id":"https:\/\/www.coptis.ch\/#website"},"datePublished":"2025-09-08T08:22:52+00:00","dateModified":"2026-02-10T13:04:11+00:00","breadcrumb":{"@id":"https:\/\/www.coptis.ch\/de\/unsere-arbeitsgruppen\/arbeitsgruppe-anlagestiftungen\/#breadcrumb"},"inLanguage":"de","potentialAction":[{"@type":"ReadAction","target":["https:\/\/www.coptis.ch\/de\/unsere-arbeitsgruppen\/arbeitsgruppe-anlagestiftungen\/"]}]},{"@type":"BreadcrumbList","@id":"https:\/\/www.coptis.ch\/de\/unsere-arbeitsgruppen\/arbeitsgruppe-anlagestiftungen\/#breadcrumb","itemListElement":[{"@type":"ListItem","position":1,"name":"Accueil","item":"https:\/\/www.coptis.ch\/de\/"},{"@type":"ListItem","position":2,"name":"Unsere Arbeitsgruppen","item":"https:\/\/www.coptis.ch\/nos-groupes-de-travail\/"},{"@type":"ListItem","position":3,"name":"Arbeitsgruppe Anlagestiftungen"}]},{"@type":"WebSite","@id":"https:\/\/www.coptis.ch\/#website","url":"https:\/\/www.coptis.ch\/","name":"COPTIS","description":"Association suisse des professionnels en titrisation immobili\u00e8re","potentialAction":[{"@type":"SearchAction","target":{"@type":"EntryPoint","urlTemplate":"https:\/\/www.coptis.ch\/?s={search_term_string}"},"query-input":{"@type":"PropertyValueSpecification","valueRequired":true,"valueName":"search_term_string"}}],"inLanguage":"de"}]}},"_links":{"self":[{"href":"https:\/\/www.coptis.ch\/de\/wp-json\/wp\/v2\/pages\/7180","targetHints":{"allow":["GET"]}}],"collection":[{"href":"https:\/\/www.coptis.ch\/de\/wp-json\/wp\/v2\/pages"}],"about":[{"href":"https:\/\/www.coptis.ch\/de\/wp-json\/wp\/v2\/types\/page"}],"author":[{"embeddable":true,"href":"https:\/\/www.coptis.ch\/de\/wp-json\/wp\/v2\/users\/1"}],"replies":[{"embeddable":true,"href":"https:\/\/www.coptis.ch\/de\/wp-json\/wp\/v2\/comments?post=7180"}],"version-history":[{"count":11,"href":"https:\/\/www.coptis.ch\/de\/wp-json\/wp\/v2\/pages\/7180\/revisions"}],"predecessor-version":[{"id":8162,"href":"https:\/\/www.coptis.ch\/de\/wp-json\/wp\/v2\/pages\/7180\/revisions\/8162"}],"up":[{"embeddable":true,"href":"https:\/\/www.coptis.ch\/de\/wp-json\/wp\/v2\/pages\/6725"}],"wp:attachment":[{"href":"https:\/\/www.coptis.ch\/de\/wp-json\/wp\/v2\/media?parent=7180"}],"curies":[{"name":"wp","href":"https:\/\/api.w.org\/{rel}","templated":true}]}}