{"id":7194,"date":"2025-09-08T10:20:43","date_gmt":"2025-09-08T08:20:43","guid":{"rendered":"https:\/\/www.coptis.ch\/unsere-arbeitsgruppen\/arbeitsgruppe-esg\/"},"modified":"2026-02-12T16:27:46","modified_gmt":"2026-02-12T15:27:46","slug":"arbeitsgruppe-esg","status":"publish","type":"page","link":"https:\/\/www.coptis.ch\/de\/unsere-arbeitsgruppen\/arbeitsgruppe-esg\/","title":{"rendered":"Arbeitsgruppe ESG"},"content":{"rendered":"<div class=\"wpb-content-wrapper\"><p>[vc_row wrap_container=&#8221;yes&#8221; conditional_render=&#8221;%5B%7B%22value_role%22%3A%22administrator%22%7D%5D&#8221; css_params=&#8221;&#8221;][vc_column][vc_custom_heading text=&#8221;Arbeitsgruppe ESG&#8221; use_theme_fonts=&#8221;yes&#8221; css_params=&#8221;&#8221;][vc_column_text css=&#8221;&#8221; css_params=&#8221;&#8221;]<strong>Die Arbeitsgruppe ESG wird von Olivier Ouzilou von der Firma Signa-Terre geleitet. Das Ziel der Arbeitsgruppe ist im Laufe dieses Jahres einen Leitfaden zum Thema Nachhaltigkeit im Immobilienbereich zu erstellen. <\/strong>[\/vc_column_text][\/vc_column][\/vc_row][vc_row wrap_container=&#8221;yes&#8221; conditional_render=&#8221;%5B%7B%22value_role%22%3A%22administrator%22%7D%5D&#8221; css_params=&#8221;&#8221;][vc_column][vc_custom_heading text=&#8221;Gruppe unter Vorsitz von&#8221; font_container=&#8221;tag:h3|text_align:left&#8221; use_theme_fonts=&#8221;yes&#8221; css_params=&#8221;&#8221;][vc_row_inner content_placement=&#8221;top&#8221; css_params=&#8221;&#8221;][vc_column_inner width=&#8221;1\/3&#8243;][porto_tb_posts post_type=&#8221;member&#8221; spacing=&#8221;20&#8243; columns=&#8221;1&#8243; columns_tablet=&#8221;1&#8243; columns_mobile=&#8221;1&#8243; image_size=&#8221;thumbnail&#8221; css_params=&#8221;&#8221; count=&#8221;50&#8243; post_ids=&#8221;7956&#8243;][\/vc_column_inner][vc_column_inner width=&#8221;2\/3&#8243; css=&#8221;.vc_custom_1770724756603{border-top-width: 5px !important;border-top-style: solid !important;border-color: var(&#8211;porto-primary-color) !important;}&#8221; css_params=&#8221;&#8221;][vc_column_text css=&#8221;.vc_custom_1770910044196{padding-top: 15px !important;}&#8221; css_params=&#8221;&#8221;]<\/p>\n<p style=\"font-weight: 400;\">Olivier Ouzilou ist Diplom-Ingenieur der EPFL und Doktor der Wirtschaftswissenschaften und verf\u00fcgt \u00fcber mehr als 30 Jahre Erfahrung in den Bereichen Energie und Bauwesen. Der ehemalige Direktor des kantonalen Energiedienstes in Genf ist heute Mitbegr\u00fcnder, Energieexperte und kaufm\u00e4nnischer Leiter von Signa-Terre SA. Er zitiert gerne zwei Sprichw\u00f6rter, die die Herausforderungen der Branche zusammenfassen: \u00abDer Stillstand ist da, nichts kann ihn aufhalten\u00bb und, wenn sich endlich etwas bewegt, \u00abDa er nicht wusste, wohin er fahren sollte, verdoppelte er seine Anstrengungen (zweimal so schnell in die Pedale treten&#8230; aber wohin?)\u00bb.<\/p>\n<p style=\"font-weight: 400;\">Mit dieser Erfahrung leitet er die ESG-Gruppe von COPTIS, um der Branche einen klaren und strukturierten Kurs f\u00fcr die Energie- und Klimawende im Bauwesen vorzugeben. (Er ist auch in mehreren strategischen Gremien aktiv und unterrichtet als Dozent MAS an der HES und am SVIT.)<\/p>\n<p>[\/vc_column_text][\/vc_column_inner][\/vc_row_inner][\/vc_column][\/vc_row][vc_row wrap_container=&#8221;yes&#8221; el_class=&#8221;py-3&#8243; conditional_render=&#8221;%5B%7B%22value_role%22%3A%22administrator%22%7D%5D&#8221; css_params=&#8221;&#8221;][vc_column][vc_custom_heading text=&#8221;Mitglieder der Gruppe&#8221; font_container=&#8221;tag:h3|text_align:left&#8221; use_theme_fonts=&#8221;yes&#8221; css_params=&#8221;&#8221;][porto_tb_posts post_type=&#8221;member&#8221; spacing=&#8221;20&#8243; columns=&#8221;3&#8243; columns_tablet=&#8221;2&#8243; columns_mobile=&#8221;1&#8243; image_size=&#8221;thumbnail&#8221; builder_id=&#8221;3005&#8243; css_params=&#8221;&#8221; post_terms=&#8221;175&#8243; count=&#8221;50&#8243;][\/vc_column][\/vc_row][vc_row wrap_container=&#8221;yes&#8221; conditional_render=&#8221;%5B%7B%22value_role%22%3A%22administrator%22%7D%5D&#8221; css_params=&#8221;&#8221;][vc_column][vc_custom_heading text=&#8221;Von der Gruppe geleitete Projekte&#8221; font_container=&#8221;tag:h3|text_align:left&#8221; use_theme_fonts=&#8221;yes&#8221; css_params=&#8221;&#8221;]<div class=\"porto-history wpb_content_element \"><div class=\"featured-box\"><div class=\"box-content\"><h4 class=\"heading-primary\"><strong>L\u2019\u00e9tablissement d\u2019un guide pratique avec des propositions et solutions d\u2019impl\u00e9mentation sur le sujet ESG<\/strong><\/h4><\/div><\/div><\/div><div class=\"porto-history wpb_content_element \"><div class=\"featured-box\"><div class=\"box-content\"><h4 class=\"heading-primary\"><strong>Publication de documents pour les membres<\/strong><\/h4><\/div><\/div><\/div>[\/vc_column][\/vc_row]<\/p>\n<\/div>","protected":false},"excerpt":{"rendered":"<p>[vc_row wrap_container=&#8221;yes&#8221; conditional_render=&#8221;%5B%7B%22value_role%22%3A%22administrator%22%7D%5D&#8221; css_params=&#8221;&#8221;][vc_column][vc_custom_heading text=&#8221;Arbeitsgruppe ESG&#8221; use_theme_fonts=&#8221;yes&#8221; css_params=&#8221;&#8221;][vc_column_text css=&#8221;&#8221; css_params=&#8221;&#8221;]Die Arbeitsgruppe ESG wird von Olivier Ouzilou von der Firma Signa-Terre geleitet. Das Ziel der Arbeitsgruppe ist im Laufe dieses Jahres einen Leitfaden zum Thema Nachhaltigkeit im Immobilienbereich zu erstellen. [\/vc_column_text][\/vc_column][\/vc_row][vc_row wrap_container=&#8221;yes&#8221; conditional_render=&#8221;%5B%7B%22value_role%22%3A%22administrator%22%7D%5D&#8221; css_params=&#8221;&#8221;][vc_column][vc_custom_heading text=&#8221;Gruppe unter Vorsitz von&#8221; font_container=&#8221;tag:h3|text_align:left&#8221; use_theme_fonts=&#8221;yes&#8221; css_params=&#8221;&#8221;][vc_row_inner content_placement=&#8221;top&#8221; css_params=&#8221;&#8221;][vc_column_inner width=&#8221;1\/3&#8243;][porto_tb_posts post_type=&#8221;member&#8221; spacing=&#8221;20&#8243; [&hellip;]<\/p>\n","protected":false},"author":1,"featured_media":0,"parent":6725,"menu_order":0,"comment_status":"closed","ping_status":"closed","template":"","meta":{"_acf_changed":false,"footnotes":""},"class_list":["post-7194","page","type-page","status-publish","hentry"],"acf":[],"yoast_head":"<!-- This site is optimized with the Yoast SEO plugin v26.3 - https:\/\/yoast.com\/wordpress\/plugins\/seo\/ -->\n<title>Arbeitsgruppe ESG - COPTIS<\/title>\n<meta name=\"robots\" content=\"index, follow, max-snippet:-1, max-image-preview:large, max-video-preview:-1\" \/>\n<link rel=\"canonical\" href=\"https:\/\/www.coptis.ch\/de\/unsere-arbeitsgruppen\/arbeitsgruppe-esg\/\" \/>\n<meta property=\"og:locale\" content=\"de_DE\" \/>\n<meta property=\"og:type\" content=\"article\" \/>\n<meta property=\"og:title\" content=\"Arbeitsgruppe ESG - COPTIS\" \/>\n<meta property=\"og:description\" content=\"[vc_row wrap_container=&#8221;yes&#8221; conditional_render=&#8221;%5B%7B%22value_role%22%3A%22administrator%22%7D%5D&#8221; css_params=&#8221;&#8221;][vc_column][vc_custom_heading text=&#8221;Arbeitsgruppe ESG&#8221; use_theme_fonts=&#8221;yes&#8221; css_params=&#8221;&#8221;][vc_column_text css=&#8221;&#8221; css_params=&#8221;&#8221;]Die Arbeitsgruppe ESG wird von Olivier Ouzilou von der Firma Signa-Terre geleitet. Das Ziel der Arbeitsgruppe ist im Laufe dieses Jahres einen Leitfaden zum Thema Nachhaltigkeit im Immobilienbereich zu erstellen. [\/vc_column_text][\/vc_column][\/vc_row][vc_row wrap_container=&#8221;yes&#8221; conditional_render=&#8221;%5B%7B%22value_role%22%3A%22administrator%22%7D%5D&#8221; css_params=&#8221;&#8221;][vc_column][vc_custom_heading text=&#8221;Gruppe unter Vorsitz von&#8221; font_container=&#8221;tag:h3|text_align:left&#8221; use_theme_fonts=&#8221;yes&#8221; css_params=&#8221;&#8221;][vc_row_inner content_placement=&#8221;top&#8221; css_params=&#8221;&#8221;][vc_column_inner width=&#8221;1\/3&#8243;][porto_tb_posts post_type=&#8221;member&#8221; spacing=&#8221;20&#8243; [&hellip;]\" \/>\n<meta property=\"og:url\" content=\"https:\/\/www.coptis.ch\/de\/unsere-arbeitsgruppen\/arbeitsgruppe-esg\/\" \/>\n<meta property=\"og:site_name\" content=\"COPTIS\" \/>\n<meta property=\"article:modified_time\" content=\"2026-02-12T15:27:46+00:00\" \/>\n<meta name=\"twitter:card\" content=\"summary_large_image\" \/>\n<meta name=\"twitter:label1\" content=\"Gesch\u00e4tzte Lesezeit\" \/>\n\t<meta name=\"twitter:data1\" content=\"2\u00a0Minuten\" \/>\n<script type=\"application\/ld+json\" class=\"yoast-schema-graph\">{\"@context\":\"https:\/\/schema.org\",\"@graph\":[{\"@type\":\"WebPage\",\"@id\":\"https:\/\/www.coptis.ch\/de\/unsere-arbeitsgruppen\/arbeitsgruppe-esg\/\",\"url\":\"https:\/\/www.coptis.ch\/de\/unsere-arbeitsgruppen\/arbeitsgruppe-esg\/\",\"name\":\"Arbeitsgruppe ESG - COPTIS\",\"isPartOf\":{\"@id\":\"https:\/\/www.coptis.ch\/#website\"},\"datePublished\":\"2025-09-08T08:20:43+00:00\",\"dateModified\":\"2026-02-12T15:27:46+00:00\",\"breadcrumb\":{\"@id\":\"https:\/\/www.coptis.ch\/de\/unsere-arbeitsgruppen\/arbeitsgruppe-esg\/#breadcrumb\"},\"inLanguage\":\"de\",\"potentialAction\":[{\"@type\":\"ReadAction\",\"target\":[\"https:\/\/www.coptis.ch\/de\/unsere-arbeitsgruppen\/arbeitsgruppe-esg\/\"]}]},{\"@type\":\"BreadcrumbList\",\"@id\":\"https:\/\/www.coptis.ch\/de\/unsere-arbeitsgruppen\/arbeitsgruppe-esg\/#breadcrumb\",\"itemListElement\":[{\"@type\":\"ListItem\",\"position\":1,\"name\":\"Accueil\",\"item\":\"https:\/\/www.coptis.ch\/de\/\"},{\"@type\":\"ListItem\",\"position\":2,\"name\":\"Unsere Arbeitsgruppen\",\"item\":\"https:\/\/www.coptis.ch\/nos-groupes-de-travail\/\"},{\"@type\":\"ListItem\",\"position\":3,\"name\":\"Arbeitsgruppe ESG\"}]},{\"@type\":\"WebSite\",\"@id\":\"https:\/\/www.coptis.ch\/#website\",\"url\":\"https:\/\/www.coptis.ch\/\",\"name\":\"COPTIS\",\"description\":\"Association suisse des professionnels en titrisation immobili\u00e8re\",\"potentialAction\":[{\"@type\":\"SearchAction\",\"target\":{\"@type\":\"EntryPoint\",\"urlTemplate\":\"https:\/\/www.coptis.ch\/?s={search_term_string}\"},\"query-input\":{\"@type\":\"PropertyValueSpecification\",\"valueRequired\":true,\"valueName\":\"search_term_string\"}}],\"inLanguage\":\"de\"}]}<\/script>\n<!-- \/ Yoast SEO plugin. -->","yoast_head_json":{"title":"Arbeitsgruppe ESG - COPTIS","robots":{"index":"index","follow":"follow","max-snippet":"max-snippet:-1","max-image-preview":"max-image-preview:large","max-video-preview":"max-video-preview:-1"},"canonical":"https:\/\/www.coptis.ch\/de\/unsere-arbeitsgruppen\/arbeitsgruppe-esg\/","og_locale":"de_DE","og_type":"article","og_title":"Arbeitsgruppe ESG - COPTIS","og_description":"[vc_row wrap_container=&#8221;yes&#8221; conditional_render=&#8221;%5B%7B%22value_role%22%3A%22administrator%22%7D%5D&#8221; css_params=&#8221;&#8221;][vc_column][vc_custom_heading text=&#8221;Arbeitsgruppe ESG&#8221; use_theme_fonts=&#8221;yes&#8221; css_params=&#8221;&#8221;][vc_column_text css=&#8221;&#8221; css_params=&#8221;&#8221;]Die Arbeitsgruppe ESG wird von Olivier Ouzilou von der Firma Signa-Terre geleitet. Das Ziel der Arbeitsgruppe ist im Laufe dieses Jahres einen Leitfaden zum Thema Nachhaltigkeit im Immobilienbereich zu erstellen. [\/vc_column_text][\/vc_column][\/vc_row][vc_row wrap_container=&#8221;yes&#8221; conditional_render=&#8221;%5B%7B%22value_role%22%3A%22administrator%22%7D%5D&#8221; css_params=&#8221;&#8221;][vc_column][vc_custom_heading text=&#8221;Gruppe unter Vorsitz von&#8221; font_container=&#8221;tag:h3|text_align:left&#8221; use_theme_fonts=&#8221;yes&#8221; css_params=&#8221;&#8221;][vc_row_inner content_placement=&#8221;top&#8221; css_params=&#8221;&#8221;][vc_column_inner width=&#8221;1\/3&#8243;][porto_tb_posts post_type=&#8221;member&#8221; spacing=&#8221;20&#8243; [&hellip;]","og_url":"https:\/\/www.coptis.ch\/de\/unsere-arbeitsgruppen\/arbeitsgruppe-esg\/","og_site_name":"COPTIS","article_modified_time":"2026-02-12T15:27:46+00:00","twitter_card":"summary_large_image","twitter_misc":{"Gesch\u00e4tzte Lesezeit":"2\u00a0Minuten"},"schema":{"@context":"https:\/\/schema.org","@graph":[{"@type":"WebPage","@id":"https:\/\/www.coptis.ch\/de\/unsere-arbeitsgruppen\/arbeitsgruppe-esg\/","url":"https:\/\/www.coptis.ch\/de\/unsere-arbeitsgruppen\/arbeitsgruppe-esg\/","name":"Arbeitsgruppe ESG - COPTIS","isPartOf":{"@id":"https:\/\/www.coptis.ch\/#website"},"datePublished":"2025-09-08T08:20:43+00:00","dateModified":"2026-02-12T15:27:46+00:00","breadcrumb":{"@id":"https:\/\/www.coptis.ch\/de\/unsere-arbeitsgruppen\/arbeitsgruppe-esg\/#breadcrumb"},"inLanguage":"de","potentialAction":[{"@type":"ReadAction","target":["https:\/\/www.coptis.ch\/de\/unsere-arbeitsgruppen\/arbeitsgruppe-esg\/"]}]},{"@type":"BreadcrumbList","@id":"https:\/\/www.coptis.ch\/de\/unsere-arbeitsgruppen\/arbeitsgruppe-esg\/#breadcrumb","itemListElement":[{"@type":"ListItem","position":1,"name":"Accueil","item":"https:\/\/www.coptis.ch\/de\/"},{"@type":"ListItem","position":2,"name":"Unsere Arbeitsgruppen","item":"https:\/\/www.coptis.ch\/nos-groupes-de-travail\/"},{"@type":"ListItem","position":3,"name":"Arbeitsgruppe ESG"}]},{"@type":"WebSite","@id":"https:\/\/www.coptis.ch\/#website","url":"https:\/\/www.coptis.ch\/","name":"COPTIS","description":"Association suisse des professionnels en titrisation immobili\u00e8re","potentialAction":[{"@type":"SearchAction","target":{"@type":"EntryPoint","urlTemplate":"https:\/\/www.coptis.ch\/?s={search_term_string}"},"query-input":{"@type":"PropertyValueSpecification","valueRequired":true,"valueName":"search_term_string"}}],"inLanguage":"de"}]}},"_links":{"self":[{"href":"https:\/\/www.coptis.ch\/de\/wp-json\/wp\/v2\/pages\/7194","targetHints":{"allow":["GET"]}}],"collection":[{"href":"https:\/\/www.coptis.ch\/de\/wp-json\/wp\/v2\/pages"}],"about":[{"href":"https:\/\/www.coptis.ch\/de\/wp-json\/wp\/v2\/types\/page"}],"author":[{"embeddable":true,"href":"https:\/\/www.coptis.ch\/de\/wp-json\/wp\/v2\/users\/1"}],"replies":[{"embeddable":true,"href":"https:\/\/www.coptis.ch\/de\/wp-json\/wp\/v2\/comments?post=7194"}],"version-history":[{"count":13,"href":"https:\/\/www.coptis.ch\/de\/wp-json\/wp\/v2\/pages\/7194\/revisions"}],"predecessor-version":[{"id":8234,"href":"https:\/\/www.coptis.ch\/de\/wp-json\/wp\/v2\/pages\/7194\/revisions\/8234"}],"up":[{"embeddable":true,"href":"https:\/\/www.coptis.ch\/de\/wp-json\/wp\/v2\/pages\/6725"}],"wp:attachment":[{"href":"https:\/\/www.coptis.ch\/de\/wp-json\/wp\/v2\/media?parent=7194"}],"curies":[{"name":"wp","href":"https:\/\/api.w.org\/{rel}","templated":true}]}}